{"id":1308,"date":"2020-03-28T14:33:25","date_gmt":"2020-03-28T12:33:25","guid":{"rendered":"http:\/\/www.palancus.com\/?page_id=1308"},"modified":"2020-07-21T19:22:51","modified_gmt":"2020-07-21T17:22:51","slug":"old-and-new","status":"publish","type":"page","link":"https:\/\/www.palancus.com\/?page_id=1308","title":{"rendered":"Old and New"},"content":{"rendered":"<ul class=\"wp-block-latest-posts__list has-dates wp-block-latest-posts\"><li><div class=\"wp-block-latest-posts__featured-image\"><img loading=\"lazy\" decoding=\"async\" width=\"145\" height=\"145\" src=\"https:\/\/www.palancus.com\/wp-content\/uploads\/2024\/06\/image-2-145x145.png\" class=\"attachment-thumbnail size-thumbnail wp-post-image\" alt=\"\" style=\"\" srcset=\"https:\/\/www.palancus.com\/wp-content\/uploads\/2024\/06\/image-2-145x145.png 145w, https:\/\/www.palancus.com\/wp-content\/uploads\/2024\/06\/image-2-300x300.png 300w, https:\/\/www.palancus.com\/wp-content\/uploads\/2024\/06\/image-2-785x785.png 785w, https:\/\/www.palancus.com\/wp-content\/uploads\/2024\/06\/image-2-768x768.png 768w, https:\/\/www.palancus.com\/wp-content\/uploads\/2024\/06\/image-2-1536x1536.png 1536w, https:\/\/www.palancus.com\/wp-content\/uploads\/2024\/06\/image-2-850x850.png 850w, https:\/\/www.palancus.com\/wp-content\/uploads\/2024\/06\/image-2-600x600.png 600w, https:\/\/www.palancus.com\/wp-content\/uploads\/2024\/06\/image-2-100x100.png 100w, https:\/\/www.palancus.com\/wp-content\/uploads\/2024\/06\/image-2.png 2040w\" sizes=\"auto, (max-width: 145px) 100vw, 145px\" \/><\/div><a class=\"wp-block-latest-posts__post-title\" href=\"https:\/\/www.palancus.com\/?p=1679\">Black and white<\/a><time datetime=\"2024-06-17T12:18:52+02:00\" class=\"wp-block-latest-posts__post-date\">17 juin 2024<\/time><\/li>\n<li><div class=\"wp-block-latest-posts__featured-image\"><img loading=\"lazy\" decoding=\"async\" width=\"145\" height=\"145\" src=\"https:\/\/www.palancus.com\/wp-content\/uploads\/2022\/03\/IMAG4208-145x145.jpg\" class=\"attachment-thumbnail size-thumbnail wp-post-image\" alt=\"\" style=\"\" srcset=\"https:\/\/www.palancus.com\/wp-content\/uploads\/2022\/03\/IMAG4208-145x145.jpg 145w, https:\/\/www.palancus.com\/wp-content\/uploads\/2022\/03\/IMAG4208-300x300.jpg 300w, https:\/\/www.palancus.com\/wp-content\/uploads\/2022\/03\/IMAG4208-100x100.jpg 100w\" sizes=\"auto, (max-width: 145px) 100vw, 145px\" \/><\/div><a class=\"wp-block-latest-posts__post-title\" href=\"https:\/\/www.palancus.com\/?p=1573\">Bas-relief en bronze<\/a><time datetime=\"2022-03-13T20:19:59+02:00\" class=\"wp-block-latest-posts__post-date\">13 mars 2022<\/time><\/li>\n<li><div class=\"wp-block-latest-posts__featured-image\"><img loading=\"lazy\" decoding=\"async\" width=\"145\" height=\"145\" src=\"https:\/\/www.palancus.com\/wp-content\/uploads\/2022\/08\/mosaik4-145x145.png\" class=\"attachment-thumbnail size-thumbnail wp-post-image\" alt=\"\" style=\"\" srcset=\"https:\/\/www.palancus.com\/wp-content\/uploads\/2022\/08\/mosaik4-145x145.png 145w, https:\/\/www.palancus.com\/wp-content\/uploads\/2022\/08\/mosaik4-300x300.png 300w, https:\/\/www.palancus.com\/wp-content\/uploads\/2022\/08\/mosaik4-100x100.png 100w\" sizes=\"auto, (max-width: 145px) 100vw, 145px\" \/><\/div><a class=\"wp-block-latest-posts__post-title\" href=\"https:\/\/www.palancus.com\/?p=1472\">\u0152uvres Num\u00e9riques Limit\u00e9es<\/a><time datetime=\"2021-01-31T11:04:25+02:00\" class=\"wp-block-latest-posts__post-date\">31 janvier 2021<\/time><\/li>\n<li><div class=\"wp-block-latest-posts__featured-image\"><img loading=\"lazy\" decoding=\"async\" width=\"145\" height=\"145\" src=\"https:\/\/www.palancus.com\/wp-content\/uploads\/2020\/07\/115737693_3135795876467820_2438607739590204039_o-145x145.jpg\" class=\"attachment-thumbnail size-thumbnail wp-post-image\" alt=\"\" style=\"\" srcset=\"https:\/\/www.palancus.com\/wp-content\/uploads\/2020\/07\/115737693_3135795876467820_2438607739590204039_o-145x145.jpg 145w, https:\/\/www.palancus.com\/wp-content\/uploads\/2020\/07\/115737693_3135795876467820_2438607739590204039_o-300x300.jpg 300w, https:\/\/www.palancus.com\/wp-content\/uploads\/2020\/07\/115737693_3135795876467820_2438607739590204039_o-100x100.jpg 100w\" sizes=\"auto, (max-width: 145px) 100vw, 145px\" \/><\/div><a class=\"wp-block-latest-posts__post-title\" href=\"https:\/\/www.palancus.com\/?p=1355\">Et la lumi\u00e8re fut<\/a><time datetime=\"2020-07-25T11:19:15+02:00\" class=\"wp-block-latest-posts__post-date\">25 juillet 2020<\/time><\/li>\n<li><div class=\"wp-block-latest-posts__featured-image\"><img loading=\"lazy\" decoding=\"async\" width=\"145\" height=\"145\" src=\"https:\/\/www.palancus.com\/wp-content\/uploads\/2020\/03\/90555420_2920806627979217_8905037152593641472_n-145x145.jpg\" class=\"attachment-thumbnail size-thumbnail wp-post-image\" alt=\"\" style=\"\" srcset=\"https:\/\/www.palancus.com\/wp-content\/uploads\/2020\/03\/90555420_2920806627979217_8905037152593641472_n-145x145.jpg 145w, https:\/\/www.palancus.com\/wp-content\/uploads\/2020\/03\/90555420_2920806627979217_8905037152593641472_n-300x300.jpg 300w, https:\/\/www.palancus.com\/wp-content\/uploads\/2020\/03\/90555420_2920806627979217_8905037152593641472_n-100x100.jpg 100w\" sizes=\"auto, (max-width: 145px) 100vw, 145px\" \/><\/div><a class=\"wp-block-latest-posts__post-title\" href=\"https:\/\/www.palancus.com\/?p=1324\">Marbres<\/a><time datetime=\"2020-03-28T15:04:23+02:00\" class=\"wp-block-latest-posts__post-date\">28 mars 2020<\/time><\/li>\n<li><div class=\"wp-block-latest-posts__featured-image\"><img loading=\"lazy\" decoding=\"async\" width=\"145\" height=\"145\" src=\"https:\/\/www.palancus.com\/wp-content\/uploads\/2019\/08\/20190728_152039-145x145.jpg\" class=\"attachment-thumbnail size-thumbnail wp-post-image\" alt=\"\" style=\"\" srcset=\"https:\/\/www.palancus.com\/wp-content\/uploads\/2019\/08\/20190728_152039-145x145.jpg 145w, https:\/\/www.palancus.com\/wp-content\/uploads\/2019\/08\/20190728_152039-300x300.jpg 300w, https:\/\/www.palancus.com\/wp-content\/uploads\/2019\/08\/20190728_152039-100x100.jpg 100w\" sizes=\"auto, (max-width: 145px) 100vw, 145px\" \/><\/div><a class=\"wp-block-latest-posts__post-title\" href=\"https:\/\/www.palancus.com\/?p=1254\">A.I.M.P.E. 2019<\/a><time datetime=\"2019-08-03T17:44:20+02:00\" class=\"wp-block-latest-posts__post-date\">3 ao\u00fbt 2019<\/time><\/li>\n<li><div class=\"wp-block-latest-posts__featured-image\"><img loading=\"lazy\" decoding=\"async\" width=\"145\" height=\"145\" src=\"https:\/\/www.palancus.com\/wp-content\/uploads\/2019\/08\/corian-145x145.jpg\" class=\"attachment-thumbnail size-thumbnail wp-post-image\" alt=\"\" style=\"\" srcset=\"https:\/\/www.palancus.com\/wp-content\/uploads\/2019\/08\/corian-145x145.jpg 145w, https:\/\/www.palancus.com\/wp-content\/uploads\/2019\/08\/corian-300x300.jpg 300w, https:\/\/www.palancus.com\/wp-content\/uploads\/2019\/08\/corian-100x100.jpg 100w\" sizes=\"auto, (max-width: 145px) 100vw, 145px\" \/><\/div><a class=\"wp-block-latest-posts__post-title\" href=\"https:\/\/www.palancus.com\/?p=1251\">Gravures sur Corian<\/a><time datetime=\"2018-11-03T17:28:11+02:00\" class=\"wp-block-latest-posts__post-date\">3 novembre 2018<\/time><\/li>\n<li><div class=\"wp-block-latest-posts__featured-image\"><img loading=\"lazy\" decoding=\"async\" width=\"145\" height=\"145\" src=\"https:\/\/www.palancus.com\/wp-content\/uploads\/2019\/08\/20171207_153947-145x145.jpg\" class=\"attachment-thumbnail size-thumbnail wp-post-image\" alt=\"\" style=\"\" srcset=\"https:\/\/www.palancus.com\/wp-content\/uploads\/2019\/08\/20171207_153947-145x145.jpg 145w, https:\/\/www.palancus.com\/wp-content\/uploads\/2019\/08\/20171207_153947-300x300.jpg 300w, https:\/\/www.palancus.com\/wp-content\/uploads\/2019\/08\/20171207_153947-100x100.jpg 100w\" sizes=\"auto, (max-width: 145px) 100vw, 145px\" \/><\/div><a class=\"wp-block-latest-posts__post-title\" href=\"https:\/\/www.palancus.com\/?p=1188\">Expo solo \u00e0 Pavillons sous bois<\/a><time datetime=\"2017-10-23T10:27:32+02:00\" class=\"wp-block-latest-posts__post-date\">23 octobre 2017<\/time><\/li>\n<li><div class=\"wp-block-latest-posts__featured-image\"><img loading=\"lazy\" decoding=\"async\" width=\"145\" height=\"145\" src=\"https:\/\/www.palancus.com\/wp-content\/uploads\/2017\/04\/17499472_1349434258437333_1567362734712255626_n-145x145.jpg\" class=\"attachment-thumbnail size-thumbnail wp-post-image\" alt=\"\" style=\"\" srcset=\"https:\/\/www.palancus.com\/wp-content\/uploads\/2017\/04\/17499472_1349434258437333_1567362734712255626_n-145x145.jpg 145w, https:\/\/www.palancus.com\/wp-content\/uploads\/2017\/04\/17499472_1349434258437333_1567362734712255626_n-300x300.jpg 300w, https:\/\/www.palancus.com\/wp-content\/uploads\/2017\/04\/17499472_1349434258437333_1567362734712255626_n-100x100.jpg 100w, https:\/\/www.palancus.com\/wp-content\/uploads\/2017\/04\/17499472_1349434258437333_1567362734712255626_n-600x600.jpg 600w, https:\/\/www.palancus.com\/wp-content\/uploads\/2017\/04\/17499472_1349434258437333_1567362734712255626_n-768x768.jpg 768w, https:\/\/www.palancus.com\/wp-content\/uploads\/2017\/04\/17499472_1349434258437333_1567362734712255626_n-785x785.jpg 785w, https:\/\/www.palancus.com\/wp-content\/uploads\/2017\/04\/17499472_1349434258437333_1567362734712255626_n-64x64.jpg 64w, https:\/\/www.palancus.com\/wp-content\/uploads\/2017\/04\/17499472_1349434258437333_1567362734712255626_n.jpg 960w\" sizes=\"auto, (max-width: 145px) 100vw, 145px\" \/><\/div><a class=\"wp-block-latest-posts__post-title\" href=\"https:\/\/www.palancus.com\/?p=1117\">Ghosts<\/a><time datetime=\"2017-04-17T16:46:25+02:00\" class=\"wp-block-latest-posts__post-date\">17 avril 2017<\/time><\/li>\n<li><div class=\"wp-block-latest-posts__featured-image\"><img loading=\"lazy\" decoding=\"async\" width=\"145\" height=\"145\" src=\"https:\/\/www.palancus.com\/wp-content\/uploads\/2017\/04\/DSC0536-145x145.jpg\" class=\"attachment-thumbnail size-thumbnail wp-post-image\" alt=\"\" style=\"\" srcset=\"https:\/\/www.palancus.com\/wp-content\/uploads\/2017\/04\/DSC0536-145x145.jpg 145w, https:\/\/www.palancus.com\/wp-content\/uploads\/2017\/04\/DSC0536-300x300.jpg 300w, https:\/\/www.palancus.com\/wp-content\/uploads\/2017\/04\/DSC0536-100x100.jpg 100w, https:\/\/www.palancus.com\/wp-content\/uploads\/2017\/04\/DSC0536-64x64.jpg 64w\" sizes=\"auto, (max-width: 145px) 100vw, 145px\" \/><\/div><a class=\"wp-block-latest-posts__post-title\" href=\"https:\/\/www.palancus.com\/?p=1106\">Linogravure<\/a><time datetime=\"2017-03-19T16:31:16+02:00\" class=\"wp-block-latest-posts__post-date\">19 mars 2017<\/time><\/li>\n<li><div class=\"wp-block-latest-posts__featured-image\"><img loading=\"lazy\" decoding=\"async\" width=\"145\" height=\"145\" src=\"https:\/\/www.palancus.com\/wp-content\/uploads\/2016\/03\/cote-145x145.jpg\" class=\"attachment-thumbnail size-thumbnail wp-post-image\" alt=\"\" style=\"\" srcset=\"https:\/\/www.palancus.com\/wp-content\/uploads\/2016\/03\/cote-145x145.jpg 145w, https:\/\/www.palancus.com\/wp-content\/uploads\/2016\/03\/cote-300x300.jpg 300w, https:\/\/www.palancus.com\/wp-content\/uploads\/2016\/03\/cote-100x100.jpg 100w, https:\/\/www.palancus.com\/wp-content\/uploads\/2016\/03\/cote-64x64.jpg 64w\" sizes=\"auto, (max-width: 145px) 100vw, 145px\" \/><\/div><a class=\"wp-block-latest-posts__post-title\" href=\"https:\/\/www.palancus.com\/?p=1071\">C\u00f4te Magazine<\/a><time datetime=\"2016-03-04T11:47:54+02:00\" class=\"wp-block-latest-posts__post-date\">4 mars 2016<\/time><\/li>\n<li><div class=\"wp-block-latest-posts__featured-image\"><img loading=\"lazy\" decoding=\"async\" width=\"145\" height=\"145\" src=\"https:\/\/www.palancus.com\/wp-content\/uploads\/2016\/02\/12640317_1022292281151534_5244009280962771201_o-145x145.jpg\" class=\"attachment-thumbnail size-thumbnail wp-post-image\" alt=\"\" style=\"\" srcset=\"https:\/\/www.palancus.com\/wp-content\/uploads\/2016\/02\/12640317_1022292281151534_5244009280962771201_o-145x145.jpg 145w, https:\/\/www.palancus.com\/wp-content\/uploads\/2016\/02\/12640317_1022292281151534_5244009280962771201_o-300x300.jpg 300w, https:\/\/www.palancus.com\/wp-content\/uploads\/2016\/02\/12640317_1022292281151534_5244009280962771201_o-100x100.jpg 100w, https:\/\/www.palancus.com\/wp-content\/uploads\/2016\/02\/12640317_1022292281151534_5244009280962771201_o-64x64.jpg 64w\" sizes=\"auto, (max-width: 145px) 100vw, 145px\" \/><\/div><a class=\"wp-block-latest-posts__post-title\" href=\"https:\/\/www.palancus.com\/?p=1061\">Op\u00e9rations pr\u00e9alables aux bronzes<\/a><time datetime=\"2016-02-24T13:12:35+02:00\" class=\"wp-block-latest-posts__post-date\">24 f\u00e9vrier 2016<\/time><\/li>\n<li><div class=\"wp-block-latest-posts__featured-image\"><img loading=\"lazy\" decoding=\"async\" width=\"145\" height=\"145\" src=\"https:\/\/www.palancus.com\/wp-content\/uploads\/2014\/08\/IMAG1306-145x145.jpg\" class=\"attachment-thumbnail size-thumbnail wp-post-image\" alt=\"\" style=\"\" srcset=\"https:\/\/www.palancus.com\/wp-content\/uploads\/2014\/08\/IMAG1306-145x145.jpg 145w, https:\/\/www.palancus.com\/wp-content\/uploads\/2014\/08\/IMAG1306-scaled-300x300.jpg 300w, https:\/\/www.palancus.com\/wp-content\/uploads\/2014\/08\/IMAG1306-scaled-100x100.jpg 100w, https:\/\/www.palancus.com\/wp-content\/uploads\/2014\/08\/IMAG1306-64x64.jpg 64w\" sizes=\"auto, (max-width: 145px) 100vw, 145px\" \/><\/div><a class=\"wp-block-latest-posts__post-title\" href=\"https:\/\/www.palancus.com\/?p=1014\">Nouveaux essais de gravure perceptive<\/a><time datetime=\"2014-08-22T12:41:58+02:00\" class=\"wp-block-latest-posts__post-date\">22 ao\u00fbt 2014<\/time><\/li>\n<li><div class=\"wp-block-latest-posts__featured-image\"><img loading=\"lazy\" decoding=\"async\" width=\"145\" height=\"145\" src=\"https:\/\/www.palancus.com\/wp-content\/uploads\/2014\/05\/large_festivaldupeu_kkbb2-145x145.gif\" class=\"attachment-thumbnail size-thumbnail wp-post-image\" alt=\"\" style=\"\" srcset=\"https:\/\/www.palancus.com\/wp-content\/uploads\/2014\/05\/large_festivaldupeu_kkbb2-145x145.gif 145w, https:\/\/www.palancus.com\/wp-content\/uploads\/2014\/05\/large_festivaldupeu_kkbb2-300x300.gif 300w, https:\/\/www.palancus.com\/wp-content\/uploads\/2014\/05\/large_festivaldupeu_kkbb2-100x100.gif 100w, https:\/\/www.palancus.com\/wp-content\/uploads\/2014\/05\/large_festivaldupeu_kkbb2-64x64.gif 64w\" sizes=\"auto, (max-width: 145px) 100vw, 145px\" \/><\/div><a class=\"wp-block-latest-posts__post-title\" href=\"https:\/\/www.palancus.com\/?p=1002\">Festival du peu<\/a><time datetime=\"2014-05-29T10:31:51+02:00\" class=\"wp-block-latest-posts__post-date\">29 mai 2014<\/time><\/li>\n<li><div class=\"wp-block-latest-posts__featured-image\"><img loading=\"lazy\" decoding=\"async\" width=\"145\" height=\"145\" src=\"https:\/\/www.palancus.com\/wp-content\/uploads\/2014\/02\/dot1-145x145.jpg\" class=\"attachment-thumbnail size-thumbnail wp-post-image\" alt=\"\" style=\"\" srcset=\"https:\/\/www.palancus.com\/wp-content\/uploads\/2014\/02\/dot1-145x145.jpg 145w, https:\/\/www.palancus.com\/wp-content\/uploads\/2014\/02\/dot1-300x300.jpg 300w, https:\/\/www.palancus.com\/wp-content\/uploads\/2014\/02\/dot1-100x100.jpg 100w, https:\/\/www.palancus.com\/wp-content\/uploads\/2014\/02\/dot1-64x64.jpg 64w\" sizes=\"auto, (max-width: 145px) 100vw, 145px\" \/><\/div><a class=\"wp-block-latest-posts__post-title\" href=\"https:\/\/www.palancus.com\/?p=928\">Demi-tons<\/a><time datetime=\"2014-02-19T10:37:45+02:00\" class=\"wp-block-latest-posts__post-date\">19 f\u00e9vrier 2014<\/time><\/li>\n<li><div class=\"wp-block-latest-posts__featured-image\"><img loading=\"lazy\" decoding=\"async\" width=\"145\" height=\"145\" src=\"https:\/\/www.palancus.com\/wp-content\/uploads\/2013\/08\/971200_628757127149248_581722983_n-145x145.jpg\" class=\"attachment-thumbnail size-thumbnail wp-post-image\" alt=\"\" style=\"\" srcset=\"https:\/\/www.palancus.com\/wp-content\/uploads\/2013\/08\/971200_628757127149248_581722983_n-145x145.jpg 145w, https:\/\/www.palancus.com\/wp-content\/uploads\/2013\/08\/971200_628757127149248_581722983_n-300x300.jpg 300w, https:\/\/www.palancus.com\/wp-content\/uploads\/2013\/08\/971200_628757127149248_581722983_n-100x100.jpg 100w, https:\/\/www.palancus.com\/wp-content\/uploads\/2013\/08\/971200_628757127149248_581722983_n-64x64.jpg 64w\" sizes=\"auto, (max-width: 145px) 100vw, 145px\" \/><\/div><a class=\"wp-block-latest-posts__post-title\" href=\"https:\/\/www.palancus.com\/?p=875\">Palma Aureus<\/a><time datetime=\"2013-05-30T10:01:21+02:00\" class=\"wp-block-latest-posts__post-date\">30 mai 2013<\/time><\/li>\n<li><div class=\"wp-block-latest-posts__featured-image\"><img loading=\"lazy\" decoding=\"async\" width=\"145\" height=\"145\" src=\"https:\/\/www.palancus.com\/wp-content\/uploads\/2013\/04\/935644_585593858132242_1630455033_n-145x145.jpg\" class=\"attachment-thumbnail size-thumbnail wp-post-image\" alt=\"\" style=\"\" srcset=\"https:\/\/www.palancus.com\/wp-content\/uploads\/2013\/04\/935644_585593858132242_1630455033_n-145x145.jpg 145w, https:\/\/www.palancus.com\/wp-content\/uploads\/2013\/04\/935644_585593858132242_1630455033_n-300x300.jpg 300w, https:\/\/www.palancus.com\/wp-content\/uploads\/2013\/04\/935644_585593858132242_1630455033_n-100x100.jpg 100w, https:\/\/www.palancus.com\/wp-content\/uploads\/2013\/04\/935644_585593858132242_1630455033_n-64x64.jpg 64w\" sizes=\"auto, (max-width: 145px) 100vw, 145px\" \/><\/div><a class=\"wp-block-latest-posts__post-title\" href=\"https:\/\/www.palancus.com\/?p=867\">L&rsquo;enfance de l&rsquo;art<\/a><time datetime=\"2013-04-23T16:19:27+02:00\" class=\"wp-block-latest-posts__post-date\">23 avril 2013<\/time><\/li>\n<li><div class=\"wp-block-latest-posts__featured-image\"><img loading=\"lazy\" decoding=\"async\" width=\"145\" height=\"145\" src=\"https:\/\/www.palancus.com\/wp-content\/uploads\/2013\/08\/934060_599651420059819_730597879_n-145x145.jpg\" class=\"attachment-thumbnail size-thumbnail wp-post-image\" alt=\"\" style=\"\" srcset=\"https:\/\/www.palancus.com\/wp-content\/uploads\/2013\/08\/934060_599651420059819_730597879_n-145x145.jpg 145w, https:\/\/www.palancus.com\/wp-content\/uploads\/2013\/08\/934060_599651420059819_730597879_n-300x300.jpg 300w, https:\/\/www.palancus.com\/wp-content\/uploads\/2013\/08\/934060_599651420059819_730597879_n-100x100.jpg 100w, https:\/\/www.palancus.com\/wp-content\/uploads\/2013\/08\/934060_599651420059819_730597879_n-64x64.jpg 64w\" sizes=\"auto, (max-width: 145px) 100vw, 145px\" \/><\/div><a class=\"wp-block-latest-posts__post-title\" href=\"https:\/\/www.palancus.com\/?p=860\">Saatchionline Gallery<\/a><time datetime=\"2013-04-13T10:58:14+02:00\" class=\"wp-block-latest-posts__post-date\">13 avril 2013<\/time><\/li>\n<li><div class=\"wp-block-latest-posts__featured-image\"><img loading=\"lazy\" decoding=\"async\" width=\"145\" height=\"145\" src=\"https:\/\/www.palancus.com\/wp-content\/uploads\/2013\/01\/Pulp-Relic-2-145x145.jpg\" class=\"attachment-thumbnail size-thumbnail wp-post-image\" alt=\"\" style=\"\" srcset=\"https:\/\/www.palancus.com\/wp-content\/uploads\/2013\/01\/Pulp-Relic-2-145x145.jpg 145w, https:\/\/www.palancus.com\/wp-content\/uploads\/2013\/01\/Pulp-Relic-2-300x300.jpg 300w, https:\/\/www.palancus.com\/wp-content\/uploads\/2013\/01\/Pulp-Relic-2-100x100.jpg 100w, https:\/\/www.palancus.com\/wp-content\/uploads\/2013\/01\/Pulp-Relic-2-64x64.jpg 64w\" sizes=\"auto, (max-width: 145px) 100vw, 145px\" \/><\/div><a class=\"wp-block-latest-posts__post-title\" href=\"https:\/\/www.palancus.com\/?p=734\">Pulps on Acid<\/a><time datetime=\"2013-01-25T14:00:24+02:00\" class=\"wp-block-latest-posts__post-date\">25 janvier 2013<\/time><\/li>\n<li><div class=\"wp-block-latest-posts__featured-image\"><img loading=\"lazy\" decoding=\"async\" width=\"145\" height=\"145\" src=\"https:\/\/www.palancus.com\/wp-content\/uploads\/2012\/11\/63331_446540752058373_1259386065_n-145x145.jpg\" class=\"attachment-thumbnail size-thumbnail wp-post-image\" alt=\"\" style=\"\" srcset=\"https:\/\/www.palancus.com\/wp-content\/uploads\/2012\/11\/63331_446540752058373_1259386065_n-145x145.jpg 145w, https:\/\/www.palancus.com\/wp-content\/uploads\/2012\/11\/63331_446540752058373_1259386065_n-300x300.jpg 300w, https:\/\/www.palancus.com\/wp-content\/uploads\/2012\/11\/63331_446540752058373_1259386065_n-100x100.jpg 100w, https:\/\/www.palancus.com\/wp-content\/uploads\/2012\/11\/63331_446540752058373_1259386065_n-600x600.jpg 600w, https:\/\/www.palancus.com\/wp-content\/uploads\/2012\/11\/63331_446540752058373_1259386065_n-64x64.jpg 64w, https:\/\/www.palancus.com\/wp-content\/uploads\/2012\/11\/63331_446540752058373_1259386065_n.jpg 612w\" sizes=\"auto, (max-width: 145px) 100vw, 145px\" \/><\/div><a class=\"wp-block-latest-posts__post-title\" href=\"https:\/\/www.palancus.com\/?p=716\">Portraits au vitriol<\/a><time datetime=\"2012-11-13T12:50:18+02:00\" class=\"wp-block-latest-posts__post-date\">13 novembre 2012<\/time><\/li>\n<\/ul>\n\n\n<p><\/p>\n","protected":false},"excerpt":{"rendered":"","protected":false},"author":1,"featured_media":1316,"parent":0,"menu_order":0,"comment_status":"closed","ping_status":"closed","template":"","meta":{"footnotes":""},"class_list":["post-1308","page","type-page","status-publish","has-post-thumbnail","hentry"],"_links":{"self":[{"href":"https:\/\/www.palancus.com\/index.php?rest_route=\/wp\/v2\/pages\/1308","targetHints":{"allow":["GET"]}}],"collection":[{"href":"https:\/\/www.palancus.com\/index.php?rest_route=\/wp\/v2\/pages"}],"about":[{"href":"https:\/\/www.palancus.com\/index.php?rest_route=\/wp\/v2\/types\/page"}],"author":[{"embeddable":true,"href":"https:\/\/www.palancus.com\/index.php?rest_route=\/wp\/v2\/users\/1"}],"replies":[{"embeddable":true,"href":"https:\/\/www.palancus.com\/index.php?rest_route=%2Fwp%2Fv2%2Fcomments&post=1308"}],"version-history":[{"count":5,"href":"https:\/\/www.palancus.com\/index.php?rest_route=\/wp\/v2\/pages\/1308\/revisions"}],"predecessor-version":[{"id":1353,"href":"https:\/\/www.palancus.com\/index.php?rest_route=\/wp\/v2\/pages\/1308\/revisions\/1353"}],"wp:featuredmedia":[{"embeddable":true,"href":"https:\/\/www.palancus.com\/index.php?rest_route=\/wp\/v2\/media\/1316"}],"wp:attachment":[{"href":"https:\/\/www.palancus.com\/index.php?rest_route=%2Fwp%2Fv2%2Fmedia&parent=1308"}],"curies":[{"name":"wp","href":"https:\/\/api.w.org\/{rel}","templated":true}]}}