{"id":1099,"date":"2017-04-17T12:16:30","date_gmt":"2017-04-17T10:16:30","guid":{"rendered":"http:\/\/www.palancus.com\/?post_type=product&#038;p=1099"},"modified":"2017-05-14T12:40:06","modified_gmt":"2017-05-14T10:40:06","slug":"linogravure-n1","status":"publish","type":"product","link":"https:\/\/www.palancus.com\/?product=linogravure-n1","title":{"rendered":"Linogravure N\u00b01"},"content":{"rendered":"<h4><a href=\"http:\/\/www.palancus.com\/?attachment_id=1105\" rel=\"attachment wp-att-1105\"><img loading=\"lazy\" decoding=\"async\" class=\"alignleft size-large wp-image-1105\" src=\"http:\/\/www.palancus.com\/wp-content\/uploads\/2017\/04\/lino1B-785x785.jpg\" alt=\"\" width=\"525\" height=\"525\" srcset=\"https:\/\/www.palancus.com\/wp-content\/uploads\/2017\/04\/lino1B-785x785.jpg 785w, https:\/\/www.palancus.com\/wp-content\/uploads\/2017\/04\/lino1B-300x300.jpg 300w, https:\/\/www.palancus.com\/wp-content\/uploads\/2017\/04\/lino1B-100x100.jpg 100w, https:\/\/www.palancus.com\/wp-content\/uploads\/2017\/04\/lino1B-600x600.jpg 600w, https:\/\/www.palancus.com\/wp-content\/uploads\/2017\/04\/lino1B-145x145.jpg 145w, https:\/\/www.palancus.com\/wp-content\/uploads\/2017\/04\/lino1B-768x768.jpg 768w, https:\/\/www.palancus.com\/wp-content\/uploads\/2017\/04\/lino1B-64x64.jpg 64w\" sizes=\"auto, (max-width: 525px) 100vw, 525px\" \/><\/a>Tirage de linogravure \u00e0 l&rsquo;encre bleue, dimensions 25x25cm sur papier Daler&amp;Rowney 300gr, 24 exemplaires sign\u00e9s et num\u00e9rot\u00e9s.<\/h4>\n<h4>Le tirage manuel rend chaque produit unique par ses imperfections, quelques taches d&rsquo;encre ou manques sont possibles.<\/h4>\n<p>\u00a9Palancus2012<\/p>\n<p>&nbsp;<\/p>\n<a class=\"synved-social-button synved-social-button-share synved-social-size-48 synved-social-resolution-single synved-social-provider-facebook nolightbox\" data-provider=\"facebook\" target=\"_blank\" rel=\"nofollow\" title=\"Share on Facebook\" href=\"https:\/\/www.facebook.com\/sharer.php?u=https%3A%2F%2Fwww.palancus.com&#038;t=Linogravure%20N%C2%B01&#038;s=100&#038;p&#091;url&#093;=https%3A%2F%2Fwww.palancus.com&#038;p&#091;images&#093;&#091;0&#093;=https%3A%2F%2Fwww.palancus.com%2Fwp-content%2Fuploads%2F2017%2F04%2Flino1B.jpg&#038;p&#091;title&#093;=Linogravure%20N%C2%B01\" style=\"font-size: 0px;width:48px;height:48px;margin:0;margin-bottom:5px;margin-right:5px\"><img loading=\"lazy\" decoding=\"async\" alt=\"Facebook\" title=\"Share on Facebook\" class=\"synved-share-image synved-social-image synved-social-image-share\" width=\"48\" height=\"48\" style=\"display: inline;width:48px;height:48px;margin: 0;padding: 0;border: none;box-shadow: none\" src=\"https:\/\/www.palancus.com\/wp-content\/plugins\/social-media-feather\/synved-social\/image\/social\/regular\/96x96\/facebook.png\" \/><\/a><a class=\"synved-social-button synved-social-button-share synved-social-size-48 synved-social-resolution-single synved-social-provider-twitter nolightbox\" data-provider=\"twitter\" target=\"_blank\" rel=\"nofollow\" title=\"Share on Twitter\" href=\"https:\/\/twitter.com\/intent\/tweet?url=https%3A%2F%2Fwww.palancus.com&#038;text=Hey%20check%20this%20out\" style=\"font-size: 0px;width:48px;height:48px;margin:0;margin-bottom:5px;margin-right:5px\"><img loading=\"lazy\" decoding=\"async\" alt=\"twitter\" title=\"Share on Twitter\" class=\"synved-share-image synved-social-image synved-social-image-share\" width=\"48\" height=\"48\" style=\"display: inline;width:48px;height:48px;margin: 0;padding: 0;border: none;box-shadow: none\" src=\"https:\/\/www.palancus.com\/wp-content\/plugins\/social-media-feather\/synved-social\/image\/social\/regular\/96x96\/twitter.png\" \/><\/a><a class=\"synved-social-button synved-social-button-share synved-social-size-48 synved-social-resolution-single synved-social-provider-reddit nolightbox\" data-provider=\"reddit\" target=\"_blank\" rel=\"nofollow\" title=\"Share on Reddit\" href=\"https:\/\/www.reddit.com\/submit?url=https%3A%2F%2Fwww.palancus.com&#038;title=Linogravure%20N%C2%B01\" style=\"font-size: 0px;width:48px;height:48px;margin:0;margin-bottom:5px;margin-right:5px\"><img loading=\"lazy\" decoding=\"async\" alt=\"reddit\" title=\"Share on Reddit\" class=\"synved-share-image synved-social-image synved-social-image-share\" width=\"48\" height=\"48\" style=\"display: inline;width:48px;height:48px;margin: 0;padding: 0;border: none;box-shadow: none\" src=\"https:\/\/www.palancus.com\/wp-content\/plugins\/social-media-feather\/synved-social\/image\/social\/regular\/96x96\/reddit.png\" \/><\/a><a class=\"synved-social-button synved-social-button-share synved-social-size-48 synved-social-resolution-single synved-social-provider-pinterest nolightbox\" data-provider=\"pinterest\" target=\"_blank\" rel=\"nofollow\" title=\"Pin it with Pinterest\" href=\"https:\/\/pinterest.com\/pin\/create\/button\/?url=https%3A%2F%2Fwww.palancus.com&#038;media=https%3A%2F%2Fwww.palancus.com%2Fwp-content%2Fuploads%2F2017%2F04%2Flino1B.jpg&#038;description=Linogravure%20N%C2%B01\" style=\"font-size: 0px;width:48px;height:48px;margin:0;margin-bottom:5px\"><img loading=\"lazy\" decoding=\"async\" alt=\"pinterest\" title=\"Pin it with Pinterest\" class=\"synved-share-image synved-social-image synved-social-image-share\" width=\"48\" height=\"48\" style=\"display: inline;width:48px;height:48px;margin: 0;padding: 0;border: none;box-shadow: none\" src=\"https:\/\/www.palancus.com\/wp-content\/plugins\/social-media-feather\/synved-social\/image\/social\/regular\/96x96\/pinterest.png\" \/><\/a>","protected":false},"excerpt":{"rendered":"<p>Tirage de linogravure \u00e0 l&rsquo;encre bleue, dimensions 25x25cm sur papier Daler&amp;Rowney 300gr, 24 exemplaires sign\u00e9s et num\u00e9rot\u00e9s. Le tirage manuel rend chaque produit unique par ses imperfections, quelques taches d&rsquo;encre ou manques sont possibles. \u00a9Palancus2012 &nbsp;<\/p>\n","protected":false},"featured_media":1105,"comment_status":"open","ping_status":"closed","template":"","meta":[],"product_cat":[34],"product_tag":[],"class_list":{"0":"post-1099","1":"product","2":"type-product","3":"status-publish","4":"has-post-thumbnail","6":"product_cat-tima","7":"product_shipping_class-lettre","9":"first","10":"instock","11":"taxable","12":"shipping-taxable","13":"purchasable","14":"product-type-simple"},"_links":{"self":[{"href":"https:\/\/www.palancus.com\/index.php?rest_route=\/wp\/v3\/product\/1099","targetHints":{"allow":["GET"]}}],"collection":[{"href":"https:\/\/www.palancus.com\/index.php?rest_route=\/wp\/v3\/product"}],"about":[{"href":"https:\/\/www.palancus.com\/index.php?rest_route=\/wp\/v2\/types\/product"}],"replies":[{"embeddable":true,"href":"https:\/\/www.palancus.com\/index.php?rest_route=%2Fwp%2Fv2%2Fcomments&post=1099"}],"wp:featuredmedia":[{"embeddable":true,"href":"https:\/\/www.palancus.com\/index.php?rest_route=\/wp\/v2\/media\/1105"}],"wp:attachment":[{"href":"https:\/\/www.palancus.com\/index.php?rest_route=%2Fwp%2Fv2%2Fmedia&parent=1099"}],"wp:term":[{"taxonomy":"product_cat","embeddable":true,"href":"https:\/\/www.palancus.com\/index.php?rest_route=%2Fwp%2Fv2%2Fproduct_cat&post=1099"},{"taxonomy":"product_tag","embeddable":true,"href":"https:\/\/www.palancus.com\/index.php?rest_route=%2Fwp%2Fv2%2Fproduct_tag&post=1099"}],"curies":[{"name":"wp","href":"https:\/\/api.w.org\/{rel}","templated":true}]}}