{"id":1143,"date":"2017-04-20T09:57:24","date_gmt":"2017-04-20T07:57:24","guid":{"rendered":"http:\/\/www.palancus.com\/?post_type=product&#038;p=1143"},"modified":"2018-09-03T11:37:17","modified_gmt":"2018-09-03T09:37:17","slug":"sticker-dot-7","status":"publish","type":"product","link":"https:\/\/www.palancus.com\/?product=sticker-dot-7","title":{"rendered":"Sticker Icon"},"content":{"rendered":"<h4><a href=\"http:\/\/www.palancus.com\/?attachment_id=1157\" rel=\"attachment wp-att-1157\"><img loading=\"lazy\" decoding=\"async\" class=\"alignleft size-large wp-image-1157\" src=\"http:\/\/www.palancus.com\/wp-content\/uploads\/2017\/04\/20170504_125146-785x541.jpg\" alt=\"\" width=\"525\" height=\"362\" srcset=\"https:\/\/www.palancus.com\/wp-content\/uploads\/2017\/04\/20170504_125146-785x541.jpg 785w, https:\/\/www.palancus.com\/wp-content\/uploads\/2017\/04\/20170504_125146-600x414.jpg 600w, https:\/\/www.palancus.com\/wp-content\/uploads\/2017\/04\/20170504_125146-300x207.jpg 300w, https:\/\/www.palancus.com\/wp-content\/uploads\/2017\/04\/20170504_125146-768x529.jpg 768w, https:\/\/www.palancus.com\/wp-content\/uploads\/2017\/04\/20170504_125146.jpg 1500w\" sizes=\"auto, (max-width: 525px) 100vw, 525px\" \/><\/a><a href=\"http:\/\/www.palancus.com\/?attachment_id=1144\" rel=\"attachment wp-att-1144\"><img loading=\"lazy\" decoding=\"async\" class=\"alignleft size-large wp-image-1144\" src=\"http:\/\/www.palancus.com\/wp-content\/uploads\/2017\/04\/autocollant-785x785.jpg\" alt=\"\" width=\"525\" height=\"525\" srcset=\"https:\/\/www.palancus.com\/wp-content\/uploads\/2017\/04\/autocollant-785x785.jpg 785w, https:\/\/www.palancus.com\/wp-content\/uploads\/2017\/04\/autocollant-300x300.jpg 300w, https:\/\/www.palancus.com\/wp-content\/uploads\/2017\/04\/autocollant-100x100.jpg 100w, https:\/\/www.palancus.com\/wp-content\/uploads\/2017\/04\/autocollant-600x600.jpg 600w, https:\/\/www.palancus.com\/wp-content\/uploads\/2017\/04\/autocollant-145x145.jpg 145w, https:\/\/www.palancus.com\/wp-content\/uploads\/2017\/04\/autocollant-768x768.jpg 768w, https:\/\/www.palancus.com\/wp-content\/uploads\/2017\/04\/autocollant-64x64.jpg 64w, https:\/\/www.palancus.com\/wp-content\/uploads\/2017\/04\/autocollant.jpg 1169w\" sizes=\"auto, (max-width: 525px) 100vw, 525px\" \/><\/a>Sticker au format 9,5cm x 9,5cm imprim\u00e9 sur adh\u00e9sif acrylique blanc haut de gamme, vernis brillant Labelife 3, r\u00e9sistance aux UV et rayures. Un petit hommage \u00e0 l&rsquo;icon d&rsquo;Obey.<\/h4>\n<a class=\"synved-social-button synved-social-button-share synved-social-size-48 synved-social-resolution-single synved-social-provider-facebook nolightbox\" data-provider=\"facebook\" target=\"_blank\" rel=\"nofollow\" title=\"Share on Facebook\" href=\"https:\/\/www.facebook.com\/sharer.php?u=https%3A%2F%2Fwww.palancus.com&#038;t=Sticker%20Icon&#038;s=100&#038;p&#091;url&#093;=https%3A%2F%2Fwww.palancus.com&#038;p&#091;images&#093;&#091;0&#093;=https%3A%2F%2Fwww.palancus.com%2Fwp-content%2Fuploads%2F2017%2F04%2Fautocollant.jpg&#038;p&#091;title&#093;=Sticker%20Icon\" style=\"font-size: 0px;width:48px;height:48px;margin:0;margin-bottom:5px;margin-right:5px\"><img loading=\"lazy\" decoding=\"async\" alt=\"Facebook\" title=\"Share on Facebook\" class=\"synved-share-image synved-social-image synved-social-image-share\" width=\"48\" height=\"48\" style=\"display: inline;width:48px;height:48px;margin: 0;padding: 0;border: none;box-shadow: none\" src=\"https:\/\/www.palancus.com\/wp-content\/plugins\/social-media-feather\/synved-social\/image\/social\/regular\/96x96\/facebook.png\" \/><\/a><a class=\"synved-social-button synved-social-button-share synved-social-size-48 synved-social-resolution-single synved-social-provider-twitter nolightbox\" data-provider=\"twitter\" target=\"_blank\" rel=\"nofollow\" title=\"Share on Twitter\" href=\"https:\/\/twitter.com\/intent\/tweet?url=https%3A%2F%2Fwww.palancus.com&#038;text=Hey%20check%20this%20out\" style=\"font-size: 0px;width:48px;height:48px;margin:0;margin-bottom:5px;margin-right:5px\"><img loading=\"lazy\" decoding=\"async\" alt=\"twitter\" title=\"Share on Twitter\" class=\"synved-share-image synved-social-image synved-social-image-share\" width=\"48\" height=\"48\" style=\"display: inline;width:48px;height:48px;margin: 0;padding: 0;border: none;box-shadow: none\" src=\"https:\/\/www.palancus.com\/wp-content\/plugins\/social-media-feather\/synved-social\/image\/social\/regular\/96x96\/twitter.png\" \/><\/a><a class=\"synved-social-button synved-social-button-share synved-social-size-48 synved-social-resolution-single synved-social-provider-reddit nolightbox\" data-provider=\"reddit\" target=\"_blank\" rel=\"nofollow\" title=\"Share on Reddit\" href=\"https:\/\/www.reddit.com\/submit?url=https%3A%2F%2Fwww.palancus.com&#038;title=Sticker%20Icon\" style=\"font-size: 0px;width:48px;height:48px;margin:0;margin-bottom:5px;margin-right:5px\"><img loading=\"lazy\" decoding=\"async\" alt=\"reddit\" title=\"Share on Reddit\" class=\"synved-share-image synved-social-image synved-social-image-share\" width=\"48\" height=\"48\" style=\"display: inline;width:48px;height:48px;margin: 0;padding: 0;border: none;box-shadow: none\" src=\"https:\/\/www.palancus.com\/wp-content\/plugins\/social-media-feather\/synved-social\/image\/social\/regular\/96x96\/reddit.png\" \/><\/a><a class=\"synved-social-button synved-social-button-share synved-social-size-48 synved-social-resolution-single synved-social-provider-pinterest nolightbox\" data-provider=\"pinterest\" target=\"_blank\" rel=\"nofollow\" title=\"Pin it with Pinterest\" href=\"https:\/\/pinterest.com\/pin\/create\/button\/?url=https%3A%2F%2Fwww.palancus.com&#038;media=https%3A%2F%2Fwww.palancus.com%2Fwp-content%2Fuploads%2F2017%2F04%2Fautocollant.jpg&#038;description=Sticker%20Icon\" style=\"font-size: 0px;width:48px;height:48px;margin:0;margin-bottom:5px\"><img loading=\"lazy\" decoding=\"async\" alt=\"pinterest\" title=\"Pin it with Pinterest\" class=\"synved-share-image synved-social-image synved-social-image-share\" width=\"48\" height=\"48\" style=\"display: inline;width:48px;height:48px;margin: 0;padding: 0;border: none;box-shadow: none\" src=\"https:\/\/www.palancus.com\/wp-content\/plugins\/social-media-feather\/synved-social\/image\/social\/regular\/96x96\/pinterest.png\" \/><\/a>","protected":false},"excerpt":{"rendered":"<p>Sticker au format 9,5cm x 9,5cm imprim\u00e9 sur adh\u00e9sif acrylique blanc haut de gamme, vernis brillant Labelife 3, r\u00e9sistance aux UV et rayures. Un petit hommage \u00e0 l&rsquo;icon d&rsquo;Obey.<\/p>\n","protected":false},"featured_media":1144,"comment_status":"open","ping_status":"closed","template":"","meta":[],"product_cat":[35],"product_tag":[],"class_list":{"0":"post-1143","1":"product","2":"type-product","3":"status-publish","4":"has-post-thumbnail","6":"product_cat-time","7":"product_shipping_class-lettre","9":"first","10":"instock","11":"taxable","12":"shipping-taxable","13":"purchasable","14":"product-type-simple"},"_links":{"self":[{"href":"https:\/\/www.palancus.com\/index.php?rest_route=\/wp\/v3\/product\/1143","targetHints":{"allow":["GET"]}}],"collection":[{"href":"https:\/\/www.palancus.com\/index.php?rest_route=\/wp\/v3\/product"}],"about":[{"href":"https:\/\/www.palancus.com\/index.php?rest_route=\/wp\/v2\/types\/product"}],"replies":[{"embeddable":true,"href":"https:\/\/www.palancus.com\/index.php?rest_route=%2Fwp%2Fv2%2Fcomments&post=1143"}],"wp:featuredmedia":[{"embeddable":true,"href":"https:\/\/www.palancus.com\/index.php?rest_route=\/wp\/v2\/media\/1144"}],"wp:attachment":[{"href":"https:\/\/www.palancus.com\/index.php?rest_route=%2Fwp%2Fv2%2Fmedia&parent=1143"}],"wp:term":[{"taxonomy":"product_cat","embeddable":true,"href":"https:\/\/www.palancus.com\/index.php?rest_route=%2Fwp%2Fv2%2Fproduct_cat&post=1143"},{"taxonomy":"product_tag","embeddable":true,"href":"https:\/\/www.palancus.com\/index.php?rest_route=%2Fwp%2Fv2%2Fproduct_tag&post=1143"}],"curies":[{"name":"wp","href":"https:\/\/api.w.org\/{rel}","templated":true}]}}