{"id":1145,"date":"2017-04-20T10:51:23","date_gmt":"2017-04-20T08:51:23","guid":{"rendered":"http:\/\/www.palancus.com\/?post_type=product&#038;p=1145"},"modified":"2017-06-12T20:14:23","modified_gmt":"2017-06-12T18:14:23","slug":"ghost-1","status":"publish","type":"product","link":"https:\/\/www.palancus.com\/?product=ghost-1","title":{"rendered":"Ghost 1"},"content":{"rendered":"<h4><a href=\"http:\/\/www.palancus.com\/?attachment_id=1153\" rel=\"attachment wp-att-1153\"><img loading=\"lazy\" decoding=\"async\" class=\"alignleft wp-image-1153 size-medium\" src=\"http:\/\/www.palancus.com\/wp-content\/uploads\/2017\/04\/Souscadre40x50-223x300.jpg\" alt=\"\" width=\"223\" height=\"300\" srcset=\"https:\/\/www.palancus.com\/wp-content\/uploads\/2017\/04\/Souscadre40x50-223x300.jpg 223w, https:\/\/www.palancus.com\/wp-content\/uploads\/2017\/04\/Souscadre40x50-600x807.jpg 600w, https:\/\/www.palancus.com\/wp-content\/uploads\/2017\/04\/Souscadre40x50.jpg 714w\" sizes=\"auto, (max-width: 223px) 100vw, 223px\" \/><\/a><a href=\"http:\/\/www.palancus.com\/?attachment_id=1125\" rel=\"attachment wp-att-1146\"><img loading=\"lazy\" decoding=\"async\" class=\"alignleft wp-image-1125 size-full\" src=\"http:\/\/www.palancus.com\/wp-content\/uploads\/2017\/04\/17425129_1349433851770707_2042423622829700086_n.jpg\" alt=\"\" width=\"640\" height=\"960\" srcset=\"https:\/\/www.palancus.com\/wp-content\/uploads\/2017\/04\/17425129_1349433851770707_2042423622829700086_n.jpg 640w, https:\/\/www.palancus.com\/wp-content\/uploads\/2017\/04\/17425129_1349433851770707_2042423622829700086_n-600x900.jpg 600w, https:\/\/www.palancus.com\/wp-content\/uploads\/2017\/04\/17425129_1349433851770707_2042423622829700086_n-200x300.jpg 200w\" sizes=\"auto, (max-width: 640px) 100vw, 640px\" \/><\/a>Tirage au format 29x42cm sur papier recycl\u00e9 300gr, ce tirage a \u00e9t\u00e9 effectu\u00e9 sur un papier intentionnellement fragile pour rapidement se patiner. L&rsquo;image est telle-quelle, avec ses salissures sur le diffusant au moment de la prise de vue, rien n&rsquo;a \u00e9t\u00e9 enlev\u00e9 ni ajout\u00e9.<\/h4>\n<h4><\/h4>\n<h4>Ce travail explore les ombres, les nuances de gris et la perception de volumes \u00e0 plat.<\/h4>\n<h4>Le but de ce tirage est de laisser jouer le temps pour rendre compte du cot\u00e9 \u00e9ph\u00e9m\u00e8re et fragile de l&rsquo;image. Un souvenir, une\u00a0impression devenant plus fugace avec le temps.<\/h4>\n<h4>\u00c9dition limit\u00e9e \u00e0 40 exemplaires num\u00e9rot\u00e9s et sign\u00e9s.<\/h4>\n<h4>Collaboration photo \u00a9 Quentin Deschamps.<\/h4>\n<p>\u00a9Palancus2017<\/p>\n<a class=\"synved-social-button synved-social-button-share synved-social-size-48 synved-social-resolution-single synved-social-provider-facebook nolightbox\" data-provider=\"facebook\" target=\"_blank\" rel=\"nofollow\" title=\"Share on Facebook\" href=\"https:\/\/www.facebook.com\/sharer.php?u=https%3A%2F%2Fwww.palancus.com&#038;t=Ghost%201&#038;s=100&#038;p&#091;url&#093;=https%3A%2F%2Fwww.palancus.com&#038;p&#091;images&#093;&#091;0&#093;=https%3A%2F%2Fwww.palancus.com%2Fwp-content%2Fuploads%2F2017%2F04%2F17425129_1349433851770707_2042423622829700086_n.jpg&#038;p&#091;title&#093;=Ghost%201\" style=\"font-size: 0px;width:48px;height:48px;margin:0;margin-bottom:5px;margin-right:5px\"><img loading=\"lazy\" decoding=\"async\" alt=\"Facebook\" title=\"Share on Facebook\" class=\"synved-share-image synved-social-image synved-social-image-share\" width=\"48\" height=\"48\" style=\"display: inline;width:48px;height:48px;margin: 0;padding: 0;border: none;box-shadow: none\" src=\"https:\/\/www.palancus.com\/wp-content\/plugins\/social-media-feather\/synved-social\/image\/social\/regular\/96x96\/facebook.png\" \/><\/a><a class=\"synved-social-button synved-social-button-share synved-social-size-48 synved-social-resolution-single synved-social-provider-twitter nolightbox\" data-provider=\"twitter\" target=\"_blank\" rel=\"nofollow\" title=\"Share on Twitter\" href=\"https:\/\/twitter.com\/intent\/tweet?url=https%3A%2F%2Fwww.palancus.com&#038;text=Hey%20check%20this%20out\" style=\"font-size: 0px;width:48px;height:48px;margin:0;margin-bottom:5px;margin-right:5px\"><img loading=\"lazy\" decoding=\"async\" alt=\"twitter\" title=\"Share on Twitter\" class=\"synved-share-image synved-social-image synved-social-image-share\" width=\"48\" height=\"48\" style=\"display: inline;width:48px;height:48px;margin: 0;padding: 0;border: none;box-shadow: none\" src=\"https:\/\/www.palancus.com\/wp-content\/plugins\/social-media-feather\/synved-social\/image\/social\/regular\/96x96\/twitter.png\" \/><\/a><a class=\"synved-social-button synved-social-button-share synved-social-size-48 synved-social-resolution-single synved-social-provider-reddit nolightbox\" data-provider=\"reddit\" target=\"_blank\" rel=\"nofollow\" title=\"Share on Reddit\" href=\"https:\/\/www.reddit.com\/submit?url=https%3A%2F%2Fwww.palancus.com&#038;title=Ghost%201\" style=\"font-size: 0px;width:48px;height:48px;margin:0;margin-bottom:5px;margin-right:5px\"><img loading=\"lazy\" decoding=\"async\" alt=\"reddit\" title=\"Share on Reddit\" class=\"synved-share-image synved-social-image synved-social-image-share\" width=\"48\" height=\"48\" style=\"display: inline;width:48px;height:48px;margin: 0;padding: 0;border: none;box-shadow: none\" src=\"https:\/\/www.palancus.com\/wp-content\/plugins\/social-media-feather\/synved-social\/image\/social\/regular\/96x96\/reddit.png\" \/><\/a><a class=\"synved-social-button synved-social-button-share synved-social-size-48 synved-social-resolution-single synved-social-provider-pinterest nolightbox\" data-provider=\"pinterest\" target=\"_blank\" rel=\"nofollow\" title=\"Pin it with Pinterest\" href=\"https:\/\/pinterest.com\/pin\/create\/button\/?url=https%3A%2F%2Fwww.palancus.com&#038;media=https%3A%2F%2Fwww.palancus.com%2Fwp-content%2Fuploads%2F2017%2F04%2F17425129_1349433851770707_2042423622829700086_n.jpg&#038;description=Ghost%201\" style=\"font-size: 0px;width:48px;height:48px;margin:0;margin-bottom:5px\"><img loading=\"lazy\" decoding=\"async\" alt=\"pinterest\" title=\"Pin it with Pinterest\" class=\"synved-share-image synved-social-image synved-social-image-share\" width=\"48\" height=\"48\" style=\"display: inline;width:48px;height:48px;margin: 0;padding: 0;border: none;box-shadow: none\" src=\"https:\/\/www.palancus.com\/wp-content\/plugins\/social-media-feather\/synved-social\/image\/social\/regular\/96x96\/pinterest.png\" \/><\/a>","protected":false},"excerpt":{"rendered":"<p>Tirage au format 29x42cm sur papier recycl\u00e9 300gr, ce tirage a \u00e9t\u00e9 effectu\u00e9 sur un papier intentionnellement fragile pour rapidement se patiner. L&rsquo;image est telle-quelle, avec ses salissures sur le diffusant au moment de la prise de vue, rien n&rsquo;a \u00e9t\u00e9 enlev\u00e9 ni ajout\u00e9. Ce travail explore les ombres, les nuances de gris et la&#8230;<\/p>\n","protected":false},"featured_media":1125,"comment_status":"open","ping_status":"closed","template":"","meta":[],"product_cat":[35],"product_tag":[],"class_list":{"0":"post-1145","1":"product","2":"type-product","3":"status-publish","4":"has-post-thumbnail","6":"product_cat-time","7":"product_shipping_class-tube","9":"first","10":"instock","11":"taxable","12":"shipping-taxable","13":"purchasable","14":"product-type-simple"},"_links":{"self":[{"href":"https:\/\/www.palancus.com\/index.php?rest_route=\/wp\/v3\/product\/1145","targetHints":{"allow":["GET"]}}],"collection":[{"href":"https:\/\/www.palancus.com\/index.php?rest_route=\/wp\/v3\/product"}],"about":[{"href":"https:\/\/www.palancus.com\/index.php?rest_route=\/wp\/v2\/types\/product"}],"replies":[{"embeddable":true,"href":"https:\/\/www.palancus.com\/index.php?rest_route=%2Fwp%2Fv2%2Fcomments&post=1145"}],"wp:featuredmedia":[{"embeddable":true,"href":"https:\/\/www.palancus.com\/index.php?rest_route=\/wp\/v2\/media\/1125"}],"wp:attachment":[{"href":"https:\/\/www.palancus.com\/index.php?rest_route=%2Fwp%2Fv2%2Fmedia&parent=1145"}],"wp:term":[{"taxonomy":"product_cat","embeddable":true,"href":"https:\/\/www.palancus.com\/index.php?rest_route=%2Fwp%2Fv2%2Fproduct_cat&post=1145"},{"taxonomy":"product_tag","embeddable":true,"href":"https:\/\/www.palancus.com\/index.php?rest_route=%2Fwp%2Fv2%2Fproduct_tag&post=1145"}],"curies":[{"name":"wp","href":"https:\/\/api.w.org\/{rel}","templated":true}]}}