{"id":1147,"date":"2017-04-20T15:08:10","date_gmt":"2017-04-20T13:08:10","guid":{"rendered":"http:\/\/www.palancus.com\/?post_type=product&#038;p=1147"},"modified":"2022-03-14T10:26:38","modified_gmt":"2022-03-14T08:26:38","slug":"bronze-n1","status":"publish","type":"product","link":"https:\/\/www.palancus.com\/?product=bronze-n1","title":{"rendered":"Bronze N\u00b01"},"content":{"rendered":"<h4><a href=\"http:\/\/www.palancus.com\/?attachment_id=1159\" rel=\"attachment wp-att-1159\"><img loading=\"lazy\" decoding=\"async\" class=\"alignleft size-medium wp-image-1159\" src=\"http:\/\/www.palancus.com\/wp-content\/uploads\/2017\/04\/IMAG6074_1-300x300.jpg\" alt=\"\" width=\"300\" height=\"300\" srcset=\"https:\/\/www.palancus.com\/wp-content\/uploads\/2017\/04\/IMAG6074_1-300x300.jpg 300w, https:\/\/www.palancus.com\/wp-content\/uploads\/2017\/04\/IMAG6074_1-100x100.jpg 100w, https:\/\/www.palancus.com\/wp-content\/uploads\/2017\/04\/IMAG6074_1-600x600.jpg 600w, https:\/\/www.palancus.com\/wp-content\/uploads\/2017\/04\/IMAG6074_1-145x145.jpg 145w, https:\/\/www.palancus.com\/wp-content\/uploads\/2017\/04\/IMAG6074_1-768x769.jpg 768w, https:\/\/www.palancus.com\/wp-content\/uploads\/2017\/04\/IMAG6074_1-785x786.jpg 785w, https:\/\/www.palancus.com\/wp-content\/uploads\/2017\/04\/IMAG6074_1-64x64.jpg 64w, https:\/\/www.palancus.com\/wp-content\/uploads\/2017\/04\/IMAG6074_1.jpg 1488w\" sizes=\"auto, (max-width: 300px) 100vw, 300px\" \/><\/a><a href=\"http:\/\/www.palancus.com\/?attachment_id=1160\" rel=\"attachment wp-att-1160\"><img loading=\"lazy\" decoding=\"async\" class=\"alignleft size-medium wp-image-1160\" src=\"http:\/\/www.palancus.com\/wp-content\/uploads\/2017\/04\/IMAG6081-170x300.jpg\" alt=\"\" width=\"170\" height=\"300\" srcset=\"https:\/\/www.palancus.com\/wp-content\/uploads\/2017\/04\/IMAG6081-170x300.jpg 170w, https:\/\/www.palancus.com\/wp-content\/uploads\/2017\/04\/IMAG6081-600x1061.jpg 600w, https:\/\/www.palancus.com\/wp-content\/uploads\/2017\/04\/IMAG6081-768x1358.jpg 768w, https:\/\/www.palancus.com\/wp-content\/uploads\/2017\/04\/IMAG6081-579x1024.jpg 579w, https:\/\/www.palancus.com\/wp-content\/uploads\/2017\/04\/IMAG6081-scaled.jpg 1448w\" sizes=\"auto, (max-width: 170px) 100vw, 170px\" \/><\/a><a href=\"http:\/\/www.palancus.com\/?attachment_id=1161\" rel=\"attachment wp-att-1161\"><img loading=\"lazy\" decoding=\"async\" class=\"alignleft size-medium wp-image-1161\" src=\"http:\/\/www.palancus.com\/wp-content\/uploads\/2017\/04\/IMAG6077-170x300.jpg\" alt=\"\" width=\"170\" height=\"300\" srcset=\"https:\/\/www.palancus.com\/wp-content\/uploads\/2017\/04\/IMAG6077-170x300.jpg 170w, https:\/\/www.palancus.com\/wp-content\/uploads\/2017\/04\/IMAG6077-600x1061.jpg 600w, https:\/\/www.palancus.com\/wp-content\/uploads\/2017\/04\/IMAG6077-768x1358.jpg 768w, https:\/\/www.palancus.com\/wp-content\/uploads\/2017\/04\/IMAG6077-579x1024.jpg 579w, https:\/\/www.palancus.com\/wp-content\/uploads\/2017\/04\/IMAG6077-scaled.jpg 1448w\" sizes=\"auto, (max-width: 170px) 100vw, 170px\" \/><\/a><a href=\"http:\/\/www.palancus.com\/?attachment_id=1148\" rel=\"attachment wp-att-1148\"><img loading=\"lazy\" decoding=\"async\" class=\"alignleft size-large wp-image-1148\" src=\"http:\/\/www.palancus.com\/wp-content\/uploads\/2017\/04\/sanstitre25x25bronze2-785x785.png\" alt=\"\" width=\"525\" height=\"525\" srcset=\"https:\/\/www.palancus.com\/wp-content\/uploads\/2017\/04\/sanstitre25x25bronze2-785x785.png 785w, https:\/\/www.palancus.com\/wp-content\/uploads\/2017\/04\/sanstitre25x25bronze2-300x300.png 300w, https:\/\/www.palancus.com\/wp-content\/uploads\/2017\/04\/sanstitre25x25bronze2-100x100.png 100w, https:\/\/www.palancus.com\/wp-content\/uploads\/2017\/04\/sanstitre25x25bronze2-600x600.png 600w, https:\/\/www.palancus.com\/wp-content\/uploads\/2017\/04\/sanstitre25x25bronze2-145x145.png 145w, https:\/\/www.palancus.com\/wp-content\/uploads\/2017\/04\/sanstitre25x25bronze2-768x768.png 768w, https:\/\/www.palancus.com\/wp-content\/uploads\/2017\/04\/sanstitre25x25bronze2-64x64.png 64w, https:\/\/www.palancus.com\/wp-content\/uploads\/2017\/04\/sanstitre25x25bronze2.png 1181w\" sizes=\"auto, (max-width: 525px) 100vw, 525px\" \/><\/a>Bas-relief en bronze patin\u00e9 anthracite et poli, dimensions 24cm x 24cm x 1,5cm, \u00e9dition de 8 exemplaires r\u00e9alis\u00e9s \u00e0 la cire perdue, num\u00e9rot\u00e9s et sign\u00e9s au dos.<\/h4>\n<h4>Des formes extrud\u00e9es \u00e9mergent de la plaque de bronze et forment des picots dont le polissage fait apparaitre une image cach\u00e9e dans le reflet de la lumi\u00e8re.<\/h4>\n<h4>Pi\u00e8ce abstraite au premier abord et photographique apr\u00e8s perception.<\/h4>\n<p>\u00a9Palancus2016<\/p>\n<a class=\"synved-social-button synved-social-button-share synved-social-size-48 synved-social-resolution-single synved-social-provider-facebook nolightbox\" data-provider=\"facebook\" target=\"_blank\" rel=\"nofollow\" title=\"Share on Facebook\" href=\"https:\/\/www.facebook.com\/sharer.php?u=https%3A%2F%2Fwww.palancus.com&#038;t=Bronze%20N%C2%B01&#038;s=100&#038;p&#091;url&#093;=https%3A%2F%2Fwww.palancus.com&#038;p&#091;images&#093;&#091;0&#093;=https%3A%2F%2Fwww.palancus.com%2Fwp-content%2Fuploads%2F2017%2F04%2Fsanstitre25x25bronze2.png&#038;p&#091;title&#093;=Bronze%20N%C2%B01\" style=\"font-size: 0px;width:48px;height:48px;margin:0;margin-bottom:5px;margin-right:5px\"><img loading=\"lazy\" decoding=\"async\" alt=\"Facebook\" title=\"Share on Facebook\" class=\"synved-share-image synved-social-image synved-social-image-share\" width=\"48\" height=\"48\" style=\"display: inline;width:48px;height:48px;margin: 0;padding: 0;border: none;box-shadow: none\" src=\"https:\/\/www.palancus.com\/wp-content\/plugins\/social-media-feather\/synved-social\/image\/social\/regular\/96x96\/facebook.png\" \/><\/a><a class=\"synved-social-button synved-social-button-share synved-social-size-48 synved-social-resolution-single synved-social-provider-twitter nolightbox\" data-provider=\"twitter\" target=\"_blank\" rel=\"nofollow\" title=\"Share on Twitter\" href=\"https:\/\/twitter.com\/intent\/tweet?url=https%3A%2F%2Fwww.palancus.com&#038;text=Hey%20check%20this%20out\" style=\"font-size: 0px;width:48px;height:48px;margin:0;margin-bottom:5px;margin-right:5px\"><img loading=\"lazy\" decoding=\"async\" alt=\"twitter\" title=\"Share on Twitter\" class=\"synved-share-image synved-social-image synved-social-image-share\" width=\"48\" height=\"48\" style=\"display: inline;width:48px;height:48px;margin: 0;padding: 0;border: none;box-shadow: none\" src=\"https:\/\/www.palancus.com\/wp-content\/plugins\/social-media-feather\/synved-social\/image\/social\/regular\/96x96\/twitter.png\" \/><\/a><a class=\"synved-social-button synved-social-button-share synved-social-size-48 synved-social-resolution-single synved-social-provider-reddit nolightbox\" data-provider=\"reddit\" target=\"_blank\" rel=\"nofollow\" title=\"Share on Reddit\" href=\"https:\/\/www.reddit.com\/submit?url=https%3A%2F%2Fwww.palancus.com&#038;title=Bronze%20N%C2%B01\" style=\"font-size: 0px;width:48px;height:48px;margin:0;margin-bottom:5px;margin-right:5px\"><img loading=\"lazy\" decoding=\"async\" alt=\"reddit\" title=\"Share on Reddit\" class=\"synved-share-image synved-social-image synved-social-image-share\" width=\"48\" height=\"48\" style=\"display: inline;width:48px;height:48px;margin: 0;padding: 0;border: none;box-shadow: none\" src=\"https:\/\/www.palancus.com\/wp-content\/plugins\/social-media-feather\/synved-social\/image\/social\/regular\/96x96\/reddit.png\" \/><\/a><a class=\"synved-social-button synved-social-button-share synved-social-size-48 synved-social-resolution-single synved-social-provider-pinterest nolightbox\" data-provider=\"pinterest\" target=\"_blank\" rel=\"nofollow\" title=\"Pin it with Pinterest\" href=\"https:\/\/pinterest.com\/pin\/create\/button\/?url=https%3A%2F%2Fwww.palancus.com&#038;media=https%3A%2F%2Fwww.palancus.com%2Fwp-content%2Fuploads%2F2017%2F04%2Fsanstitre25x25bronze2.png&#038;description=Bronze%20N%C2%B01\" style=\"font-size: 0px;width:48px;height:48px;margin:0;margin-bottom:5px\"><img loading=\"lazy\" decoding=\"async\" alt=\"pinterest\" title=\"Pin it with Pinterest\" class=\"synved-share-image synved-social-image synved-social-image-share\" width=\"48\" height=\"48\" style=\"display: inline;width:48px;height:48px;margin: 0;padding: 0;border: none;box-shadow: none\" src=\"https:\/\/www.palancus.com\/wp-content\/plugins\/social-media-feather\/synved-social\/image\/social\/regular\/96x96\/pinterest.png\" \/><\/a>","protected":false},"excerpt":{"rendered":"<p>Bas-relief en bronze patin\u00e9 anthracite et poli, dimensions 24cm x 24cm x 1,5cm, \u00e9dition de 8 exemplaires r\u00e9alis\u00e9s \u00e0 la cire perdue, num\u00e9rot\u00e9s et sign\u00e9s au dos. Des formes extrud\u00e9es \u00e9mergent de la plaque de bronze et forment des picots dont le polissage fait apparaitre une image cach\u00e9e dans le reflet de la lumi\u00e8re. Pi\u00e8ce&#8230;<\/p>\n","protected":false},"featured_media":1148,"comment_status":"open","ping_status":"closed","template":"","meta":[],"product_cat":[38],"product_tag":[],"class_list":{"0":"post-1147","1":"product","2":"type-product","3":"status-publish","4":"has-post-thumbnail","6":"product_cat-sculpt","7":"product_shipping_class-colis2","9":"first","10":"instock","11":"sold-individually","12":"taxable","13":"shipping-taxable","14":"purchasable","15":"product-type-simple"},"_links":{"self":[{"href":"https:\/\/www.palancus.com\/index.php?rest_route=\/wp\/v3\/product\/1147","targetHints":{"allow":["GET"]}}],"collection":[{"href":"https:\/\/www.palancus.com\/index.php?rest_route=\/wp\/v3\/product"}],"about":[{"href":"https:\/\/www.palancus.com\/index.php?rest_route=\/wp\/v2\/types\/product"}],"replies":[{"embeddable":true,"href":"https:\/\/www.palancus.com\/index.php?rest_route=%2Fwp%2Fv2%2Fcomments&post=1147"}],"wp:featuredmedia":[{"embeddable":true,"href":"https:\/\/www.palancus.com\/index.php?rest_route=\/wp\/v2\/media\/1148"}],"wp:attachment":[{"href":"https:\/\/www.palancus.com\/index.php?rest_route=%2Fwp%2Fv2%2Fmedia&parent=1147"}],"wp:term":[{"taxonomy":"product_cat","embeddable":true,"href":"https:\/\/www.palancus.com\/index.php?rest_route=%2Fwp%2Fv2%2Fproduct_cat&post=1147"},{"taxonomy":"product_tag","embeddable":true,"href":"https:\/\/www.palancus.com\/index.php?rest_route=%2Fwp%2Fv2%2Fproduct_tag&post=1147"}],"curies":[{"name":"wp","href":"https:\/\/api.w.org\/{rel}","templated":true}]}}