{"id":1150,"date":"2017-04-20T15:43:27","date_gmt":"2017-04-20T13:43:27","guid":{"rendered":"http:\/\/www.palancus.com\/?post_type=product&#038;p=1150"},"modified":"2025-07-02T07:22:04","modified_gmt":"2025-07-02T05:22:04","slug":"bas-relief-1","status":"publish","type":"product","link":"https:\/\/www.palancus.com\/?product=bas-relief-1","title":{"rendered":"Bas-relief 1"},"content":{"rendered":"<h4><a href=\"http:\/\/www.palancus.com\/?attachment_id=1151\" rel=\"attachment wp-att-1151\"><img loading=\"lazy\" decoding=\"async\" class=\"alignleft size-large wp-image-1151\" src=\"http:\/\/www.palancus.com\/wp-content\/uploads\/2017\/04\/amelie100x100-785x748.jpg\" alt=\"\" width=\"525\" height=\"500\" srcset=\"https:\/\/www.palancus.com\/wp-content\/uploads\/2017\/04\/amelie100x100-785x748.jpg 785w, https:\/\/www.palancus.com\/wp-content\/uploads\/2017\/04\/amelie100x100-600x571.jpg 600w, https:\/\/www.palancus.com\/wp-content\/uploads\/2017\/04\/amelie100x100-300x286.jpg 300w, https:\/\/www.palancus.com\/wp-content\/uploads\/2017\/04\/amelie100x100-768x732.jpg 768w\" sizes=\"auto, (max-width: 525px) 100vw, 525px\" \/><\/a>Plaque de plexiglas 100cm x 100cm x 2cm<\/h4>\n<h4>Cette plaque a \u00e9t\u00e9 enduite de gesso sur une face et usin\u00e9e sur une profondeur de 15mm environ. Les creux ont ensuite \u00e9t\u00e9 remplis d&rsquo;une r\u00e9sine \u00e9poxy noire pour cr\u00e9er un volume \u00e0 l&rsquo;int\u00e9rieur du plexiglas. La r\u00e9sine a contraint la plaque en s\u00e9chant qui est maintenant l\u00e9g\u00e8rement bomb\u00e9e. Quelques bulles et autres imperfections al\u00e9atoires pars\u00e8ment cette pi\u00e8ce.<\/h4>\n<h4>Portrait perceptible \u00e0 distance.<\/h4>\n<p>\u00a9Palancus2015<\/p>\n<a class=\"synved-social-button synved-social-button-share synved-social-size-48 synved-social-resolution-single synved-social-provider-facebook nolightbox\" data-provider=\"facebook\" target=\"_blank\" rel=\"nofollow\" title=\"Share on Facebook\" href=\"https:\/\/www.facebook.com\/sharer.php?u=https%3A%2F%2Fwww.palancus.com&#038;t=Bas-relief%201&#038;s=100&#038;p&#091;url&#093;=https%3A%2F%2Fwww.palancus.com&#038;p&#091;images&#093;&#091;0&#093;=https%3A%2F%2Fwww.palancus.com%2Fwp-content%2Fuploads%2F2017%2F04%2Famelie100x100-scaled.jpg&#038;p&#091;title&#093;=Bas-relief%201\" style=\"font-size: 0px;width:48px;height:48px;margin:0;margin-bottom:5px;margin-right:5px\"><img loading=\"lazy\" decoding=\"async\" alt=\"Facebook\" title=\"Share on Facebook\" class=\"synved-share-image synved-social-image synved-social-image-share\" width=\"48\" height=\"48\" style=\"display: inline;width:48px;height:48px;margin: 0;padding: 0;border: none;box-shadow: none\" src=\"https:\/\/www.palancus.com\/wp-content\/plugins\/social-media-feather\/synved-social\/image\/social\/regular\/96x96\/facebook.png\" \/><\/a><a class=\"synved-social-button synved-social-button-share synved-social-size-48 synved-social-resolution-single synved-social-provider-twitter nolightbox\" data-provider=\"twitter\" target=\"_blank\" rel=\"nofollow\" title=\"Share on Twitter\" href=\"https:\/\/twitter.com\/intent\/tweet?url=https%3A%2F%2Fwww.palancus.com&#038;text=Hey%20check%20this%20out\" style=\"font-size: 0px;width:48px;height:48px;margin:0;margin-bottom:5px;margin-right:5px\"><img loading=\"lazy\" decoding=\"async\" alt=\"twitter\" title=\"Share on Twitter\" class=\"synved-share-image synved-social-image synved-social-image-share\" width=\"48\" height=\"48\" style=\"display: inline;width:48px;height:48px;margin: 0;padding: 0;border: none;box-shadow: none\" src=\"https:\/\/www.palancus.com\/wp-content\/plugins\/social-media-feather\/synved-social\/image\/social\/regular\/96x96\/twitter.png\" \/><\/a><a class=\"synved-social-button synved-social-button-share synved-social-size-48 synved-social-resolution-single synved-social-provider-reddit nolightbox\" data-provider=\"reddit\" target=\"_blank\" rel=\"nofollow\" title=\"Share on Reddit\" href=\"https:\/\/www.reddit.com\/submit?url=https%3A%2F%2Fwww.palancus.com&#038;title=Bas-relief%201\" style=\"font-size: 0px;width:48px;height:48px;margin:0;margin-bottom:5px;margin-right:5px\"><img loading=\"lazy\" decoding=\"async\" alt=\"reddit\" title=\"Share on Reddit\" class=\"synved-share-image synved-social-image synved-social-image-share\" width=\"48\" height=\"48\" style=\"display: inline;width:48px;height:48px;margin: 0;padding: 0;border: none;box-shadow: none\" src=\"https:\/\/www.palancus.com\/wp-content\/plugins\/social-media-feather\/synved-social\/image\/social\/regular\/96x96\/reddit.png\" \/><\/a><a class=\"synved-social-button synved-social-button-share synved-social-size-48 synved-social-resolution-single synved-social-provider-pinterest nolightbox\" data-provider=\"pinterest\" target=\"_blank\" rel=\"nofollow\" title=\"Pin it with Pinterest\" href=\"https:\/\/pinterest.com\/pin\/create\/button\/?url=https%3A%2F%2Fwww.palancus.com&#038;media=https%3A%2F%2Fwww.palancus.com%2Fwp-content%2Fuploads%2F2017%2F04%2Famelie100x100-scaled.jpg&#038;description=Bas-relief%201\" style=\"font-size: 0px;width:48px;height:48px;margin:0;margin-bottom:5px\"><img loading=\"lazy\" decoding=\"async\" alt=\"pinterest\" title=\"Pin it with Pinterest\" class=\"synved-share-image synved-social-image synved-social-image-share\" width=\"48\" height=\"48\" style=\"display: inline;width:48px;height:48px;margin: 0;padding: 0;border: none;box-shadow: none\" src=\"https:\/\/www.palancus.com\/wp-content\/plugins\/social-media-feather\/synved-social\/image\/social\/regular\/96x96\/pinterest.png\" \/><\/a>","protected":false},"excerpt":{"rendered":"<p>Plaque de plexiglas 100cm x 100cm x 2cm Cette plaque a \u00e9t\u00e9 enduite de gesso sur une face et usin\u00e9e sur une profondeur de 15mm environ. Les creux ont ensuite \u00e9t\u00e9 remplis d&rsquo;une r\u00e9sine \u00e9poxy noire pour cr\u00e9er un volume \u00e0 l&rsquo;int\u00e9rieur du plexiglas. La r\u00e9sine a contraint la plaque en s\u00e9chant qui est maintenant&#8230;<\/p>\n","protected":false},"featured_media":1151,"comment_status":"open","ping_status":"closed","template":"","meta":[],"product_cat":[38],"product_tag":[],"class_list":{"0":"post-1150","1":"product","2":"type-product","3":"status-publish","4":"has-post-thumbnail","6":"product_cat-sculpt","7":"product_shipping_class-colis2","9":"first","10":"outofstock","11":"sold-individually","12":"taxable","13":"shipping-taxable","14":"purchasable","15":"product-type-simple"},"_links":{"self":[{"href":"https:\/\/www.palancus.com\/index.php?rest_route=\/wp\/v3\/product\/1150","targetHints":{"allow":["GET"]}}],"collection":[{"href":"https:\/\/www.palancus.com\/index.php?rest_route=\/wp\/v3\/product"}],"about":[{"href":"https:\/\/www.palancus.com\/index.php?rest_route=\/wp\/v2\/types\/product"}],"replies":[{"embeddable":true,"href":"https:\/\/www.palancus.com\/index.php?rest_route=%2Fwp%2Fv2%2Fcomments&post=1150"}],"wp:featuredmedia":[{"embeddable":true,"href":"https:\/\/www.palancus.com\/index.php?rest_route=\/wp\/v2\/media\/1151"}],"wp:attachment":[{"href":"https:\/\/www.palancus.com\/index.php?rest_route=%2Fwp%2Fv2%2Fmedia&parent=1150"}],"wp:term":[{"taxonomy":"product_cat","embeddable":true,"href":"https:\/\/www.palancus.com\/index.php?rest_route=%2Fwp%2Fv2%2Fproduct_cat&post=1150"},{"taxonomy":"product_tag","embeddable":true,"href":"https:\/\/www.palancus.com\/index.php?rest_route=%2Fwp%2Fv2%2Fproduct_tag&post=1150"}],"curies":[{"name":"wp","href":"https:\/\/api.w.org\/{rel}","templated":true}]}}