{"id":1344,"date":"2020-07-25T11:33:24","date_gmt":"2020-07-25T09:33:24","guid":{"rendered":"https:\/\/www.palancus.com\/?post_type=product&#038;p=1344"},"modified":"2020-07-25T14:54:28","modified_gmt":"2020-07-25T12:54:28","slug":"portrait-sur-marbre","status":"publish","type":"product","link":"https:\/\/www.palancus.com\/?product=portrait-sur-marbre","title":{"rendered":"Portrait sur marbre Michelangelo"},"content":{"rendered":"<p><a href=\"https:\/\/www.palancus.com\/?attachment_id=1376\" rel=\"attachment wp-att-1345\"><img loading=\"lazy\" decoding=\"async\" class=\"alignleft wp-image-1376 size-medium\" src=\"https:\/\/www.palancus.com\/wp-content\/uploads\/2020\/07\/michelangsquare-294x300.jpg\" alt=\"\" width=\"294\" height=\"300\" srcset=\"https:\/\/www.palancus.com\/wp-content\/uploads\/2020\/07\/michelangsquare-294x300.jpg 294w, https:\/\/www.palancus.com\/wp-content\/uploads\/2020\/07\/michelangsquare-600x613.jpg 600w, https:\/\/www.palancus.com\/wp-content\/uploads\/2020\/07\/michelangsquare-785x801.jpg 785w, https:\/\/www.palancus.com\/wp-content\/uploads\/2020\/07\/michelangsquare-768x784.jpg 768w, https:\/\/www.palancus.com\/wp-content\/uploads\/2020\/07\/michelangsquare.jpg 860w\" sizes=\"auto, (max-width: 294px) 100vw, 294px\" \/><\/a>Dimensions 45cm x 45cm x 1,8cm environ, pierre affin\u00e9e afin de permettre \u00e0 la lumi\u00e8re de cr\u00e9er une image.<\/p>\n<p>Portrait de Sademoiselle Florentine sur marbre Michelangelo.<\/p>\n<p>L&rsquo;effet ci-contre est obtenu par un \u00e9clairage de 20W situ\u00e9 \u00e0 30cm de la pierre.<\/p>\n<p>Par la nature du mat\u00e9riau chaque pi\u00e8ce est totalement unique.<\/p>\n<p>Un support modulaire est en cours de conception, tout acheteur d&rsquo;un portrait sera contact\u00e9 d\u00e8s qu&rsquo;il sera r\u00e9alis\u00e9.<\/p>\n<p>Chaque portrait poss\u00e8de un identifiant unique v\u00e9rifiable sur le <a href=\"https:\/\/thetangle.org\/search\">tangle iota<\/a> et infalsifiable.<\/p>\n<p>Exemplaire 1 sur 8<\/p>\n<a class=\"synved-social-button synved-social-button-share synved-social-size-48 synved-social-resolution-single synved-social-provider-facebook nolightbox\" data-provider=\"facebook\" target=\"_blank\" rel=\"nofollow\" title=\"Share on Facebook\" href=\"https:\/\/www.facebook.com\/sharer.php?u=https%3A%2F%2Fwww.palancus.com&#038;t=Portrait%20sur%20marbre%20Michelangelo&#038;s=100&#038;p&#091;url&#093;=https%3A%2F%2Fwww.palancus.com&#038;p&#091;images&#093;&#091;0&#093;=https%3A%2F%2Fwww.palancus.com%2Fwp-content%2Fuploads%2F2020%2F07%2Fmichelangsquare.jpg&#038;p&#091;title&#093;=Portrait%20sur%20marbre%20Michelangelo\" style=\"font-size: 0px;width:48px;height:48px;margin:0;margin-bottom:5px;margin-right:5px\"><img loading=\"lazy\" decoding=\"async\" alt=\"Facebook\" title=\"Share on Facebook\" class=\"synved-share-image synved-social-image synved-social-image-share\" width=\"48\" height=\"48\" style=\"display: inline;width:48px;height:48px;margin: 0;padding: 0;border: none;box-shadow: none\" src=\"https:\/\/www.palancus.com\/wp-content\/plugins\/social-media-feather\/synved-social\/image\/social\/regular\/96x96\/facebook.png\" \/><\/a><a class=\"synved-social-button synved-social-button-share synved-social-size-48 synved-social-resolution-single synved-social-provider-twitter nolightbox\" data-provider=\"twitter\" target=\"_blank\" rel=\"nofollow\" title=\"Share on Twitter\" href=\"https:\/\/twitter.com\/intent\/tweet?url=https%3A%2F%2Fwww.palancus.com&#038;text=Hey%20check%20this%20out\" style=\"font-size: 0px;width:48px;height:48px;margin:0;margin-bottom:5px;margin-right:5px\"><img loading=\"lazy\" decoding=\"async\" alt=\"twitter\" title=\"Share on Twitter\" class=\"synved-share-image synved-social-image synved-social-image-share\" width=\"48\" height=\"48\" style=\"display: inline;width:48px;height:48px;margin: 0;padding: 0;border: none;box-shadow: none\" src=\"https:\/\/www.palancus.com\/wp-content\/plugins\/social-media-feather\/synved-social\/image\/social\/regular\/96x96\/twitter.png\" \/><\/a><a class=\"synved-social-button synved-social-button-share synved-social-size-48 synved-social-resolution-single synved-social-provider-reddit nolightbox\" data-provider=\"reddit\" target=\"_blank\" rel=\"nofollow\" title=\"Share on Reddit\" href=\"https:\/\/www.reddit.com\/submit?url=https%3A%2F%2Fwww.palancus.com&#038;title=Portrait%20sur%20marbre%20Michelangelo\" style=\"font-size: 0px;width:48px;height:48px;margin:0;margin-bottom:5px;margin-right:5px\"><img loading=\"lazy\" decoding=\"async\" alt=\"reddit\" title=\"Share on Reddit\" class=\"synved-share-image synved-social-image synved-social-image-share\" width=\"48\" height=\"48\" style=\"display: inline;width:48px;height:48px;margin: 0;padding: 0;border: none;box-shadow: none\" src=\"https:\/\/www.palancus.com\/wp-content\/plugins\/social-media-feather\/synved-social\/image\/social\/regular\/96x96\/reddit.png\" \/><\/a><a class=\"synved-social-button synved-social-button-share synved-social-size-48 synved-social-resolution-single synved-social-provider-pinterest nolightbox\" data-provider=\"pinterest\" target=\"_blank\" rel=\"nofollow\" title=\"Pin it with Pinterest\" href=\"https:\/\/pinterest.com\/pin\/create\/button\/?url=https%3A%2F%2Fwww.palancus.com&#038;media=https%3A%2F%2Fwww.palancus.com%2Fwp-content%2Fuploads%2F2020%2F07%2Fmichelangsquare.jpg&#038;description=Portrait%20sur%20marbre%20Michelangelo\" style=\"font-size: 0px;width:48px;height:48px;margin:0;margin-bottom:5px\"><img loading=\"lazy\" decoding=\"async\" alt=\"pinterest\" title=\"Pin it with Pinterest\" class=\"synved-share-image synved-social-image synved-social-image-share\" width=\"48\" height=\"48\" style=\"display: inline;width:48px;height:48px;margin: 0;padding: 0;border: none;box-shadow: none\" src=\"https:\/\/www.palancus.com\/wp-content\/plugins\/social-media-feather\/synved-social\/image\/social\/regular\/96x96\/pinterest.png\" \/><\/a>","protected":false},"excerpt":{"rendered":"<p>Dimensions 45cm x 45cm x 1,8cm environ, pierre affin\u00e9e afin de permettre \u00e0 la lumi\u00e8re de cr\u00e9er une image. Portrait de Sademoiselle Florentine sur marbre Michelangelo. L&rsquo;effet ci-contre est obtenu par un \u00e9clairage de 20W situ\u00e9 \u00e0 30cm de la pierre. Par la nature du mat\u00e9riau chaque pi\u00e8ce est totalement unique. Un support modulaire est&#8230;<\/p>\n","protected":false},"featured_media":1376,"comment_status":"open","ping_status":"closed","template":"","meta":[],"product_cat":[38],"product_tag":[],"class_list":{"0":"post-1344","1":"product","2":"type-product","3":"status-publish","4":"has-post-thumbnail","6":"product_cat-sculpt","7":"product_shipping_class-colis2","9":"first","10":"instock","11":"sold-individually","12":"shipping-taxable","13":"purchasable","14":"product-type-simple"},"_links":{"self":[{"href":"https:\/\/www.palancus.com\/index.php?rest_route=\/wp\/v3\/product\/1344","targetHints":{"allow":["GET"]}}],"collection":[{"href":"https:\/\/www.palancus.com\/index.php?rest_route=\/wp\/v3\/product"}],"about":[{"href":"https:\/\/www.palancus.com\/index.php?rest_route=\/wp\/v2\/types\/product"}],"replies":[{"embeddable":true,"href":"https:\/\/www.palancus.com\/index.php?rest_route=%2Fwp%2Fv2%2Fcomments&post=1344"}],"wp:featuredmedia":[{"embeddable":true,"href":"https:\/\/www.palancus.com\/index.php?rest_route=\/wp\/v2\/media\/1376"}],"wp:attachment":[{"href":"https:\/\/www.palancus.com\/index.php?rest_route=%2Fwp%2Fv2%2Fmedia&parent=1344"}],"wp:term":[{"taxonomy":"product_cat","embeddable":true,"href":"https:\/\/www.palancus.com\/index.php?rest_route=%2Fwp%2Fv2%2Fproduct_cat&post=1344"},{"taxonomy":"product_tag","embeddable":true,"href":"https:\/\/www.palancus.com\/index.php?rest_route=%2Fwp%2Fv2%2Fproduct_tag&post=1344"}],"curies":[{"name":"wp","href":"https:\/\/api.w.org\/{rel}","templated":true}]}}