{"id":1367,"date":"2020-07-25T12:17:53","date_gmt":"2020-07-25T10:17:53","guid":{"rendered":"https:\/\/www.palancus.com\/?post_type=product&#038;p=1367"},"modified":"2020-07-29T16:07:20","modified_gmt":"2020-07-29T14:07:20","slug":"portrait-sur-marbre-des-cyclades","status":"publish","type":"product","link":"https:\/\/www.palancus.com\/?product=portrait-sur-marbre-des-cyclades","title":{"rendered":"Portrait sur marbre de Thassos"},"content":{"rendered":"<p><a href=\"https:\/\/www.palancus.com\/?attachment_id=1368\" rel=\"attachment wp-att-1345\"><img loading=\"lazy\" decoding=\"async\" class=\"alignleft wp-image-1368 size-medium\" src=\"https:\/\/www.palancus.com\/wp-content\/uploads\/2020\/07\/20200725_122306carre-300x300.jpg\" alt=\"\" width=\"300\" height=\"300\" srcset=\"https:\/\/www.palancus.com\/wp-content\/uploads\/2020\/07\/20200725_122306carre-300x300.jpg 300w, https:\/\/www.palancus.com\/wp-content\/uploads\/2020\/07\/20200725_122306carre-100x100.jpg 100w, https:\/\/www.palancus.com\/wp-content\/uploads\/2020\/07\/20200725_122306carre-600x602.jpg 600w, https:\/\/www.palancus.com\/wp-content\/uploads\/2020\/07\/20200725_122306carre-785x787.jpg 785w, https:\/\/www.palancus.com\/wp-content\/uploads\/2020\/07\/20200725_122306carre-145x145.jpg 145w, https:\/\/www.palancus.com\/wp-content\/uploads\/2020\/07\/20200725_122306carre-768x770.jpg 768w, https:\/\/www.palancus.com\/wp-content\/uploads\/2020\/07\/20200725_122306carre-1532x1536.jpg 1532w, https:\/\/www.palancus.com\/wp-content\/uploads\/2020\/07\/20200725_122306carre-2042x2048.jpg 2042w\" sizes=\"auto, (max-width: 300px) 100vw, 300px\" \/><\/a>Dimensions 40cm x 40cm x 1,8cm environ, pierre affin\u00e9e afin de permettre \u00e0 la lumi\u00e8re de cr\u00e9er une image.<\/p>\n<p>Portrait de Sademoiselle Florentine sur marbre de Thassos.<\/p>\n<p>La transparence de ce tirage lui permet de b\u00e9n\u00e9ficier d&rsquo;une image fant\u00f4me du c\u00f4t\u00e9 lisse<\/p>\n<p>L&rsquo;effet ci-contre est obtenu par un \u00e9clairage de 20W situ\u00e9 \u00e0 30cm de la pierre.<\/p>\n<p>Par la nature du mat\u00e9riau chaque pi\u00e8ce est totalement unique.<\/p>\n<p>Un support modulaire est en cours de conception, tout acheteur d&rsquo;un portrait sera contact\u00e9 d\u00e8s qu&rsquo;il sera r\u00e9alis\u00e9.<\/p>\n<p>Chaque portrait poss\u00e8de un identifiant unique v\u00e9rifiable sur le <a href=\"https:\/\/thetangle.org\/search\">tangle iota<\/a> et infalsifiable.<\/p>\n<p>Exemplaire 2 sur 8<\/p>\n<a class=\"synved-social-button synved-social-button-share synved-social-size-48 synved-social-resolution-single synved-social-provider-facebook nolightbox\" data-provider=\"facebook\" target=\"_blank\" rel=\"nofollow\" title=\"Share on Facebook\" href=\"https:\/\/www.facebook.com\/sharer.php?u=https%3A%2F%2Fwww.palancus.com&#038;t=Portrait%20sur%20marbre%20de%20Thassos&#038;s=100&#038;p&#091;url&#093;=https%3A%2F%2Fwww.palancus.com&#038;p&#091;images&#093;&#091;0&#093;=https%3A%2F%2Fwww.palancus.com%2Fwp-content%2Fuploads%2F2020%2F07%2F20200725_122306carre.jpg&#038;p&#091;title&#093;=Portrait%20sur%20marbre%20de%20Thassos\" style=\"font-size: 0px;width:48px;height:48px;margin:0;margin-bottom:5px;margin-right:5px\"><img loading=\"lazy\" decoding=\"async\" alt=\"Facebook\" title=\"Share on Facebook\" class=\"synved-share-image synved-social-image synved-social-image-share\" width=\"48\" height=\"48\" style=\"display: inline;width:48px;height:48px;margin: 0;padding: 0;border: none;box-shadow: none\" src=\"https:\/\/www.palancus.com\/wp-content\/plugins\/social-media-feather\/synved-social\/image\/social\/regular\/96x96\/facebook.png\" \/><\/a><a class=\"synved-social-button synved-social-button-share synved-social-size-48 synved-social-resolution-single synved-social-provider-twitter nolightbox\" data-provider=\"twitter\" target=\"_blank\" rel=\"nofollow\" title=\"Share on Twitter\" href=\"https:\/\/twitter.com\/intent\/tweet?url=https%3A%2F%2Fwww.palancus.com&#038;text=Hey%20check%20this%20out\" style=\"font-size: 0px;width:48px;height:48px;margin:0;margin-bottom:5px;margin-right:5px\"><img loading=\"lazy\" decoding=\"async\" alt=\"twitter\" title=\"Share on Twitter\" class=\"synved-share-image synved-social-image synved-social-image-share\" width=\"48\" height=\"48\" style=\"display: inline;width:48px;height:48px;margin: 0;padding: 0;border: none;box-shadow: none\" src=\"https:\/\/www.palancus.com\/wp-content\/plugins\/social-media-feather\/synved-social\/image\/social\/regular\/96x96\/twitter.png\" \/><\/a><a class=\"synved-social-button synved-social-button-share synved-social-size-48 synved-social-resolution-single synved-social-provider-reddit nolightbox\" data-provider=\"reddit\" target=\"_blank\" rel=\"nofollow\" title=\"Share on Reddit\" href=\"https:\/\/www.reddit.com\/submit?url=https%3A%2F%2Fwww.palancus.com&#038;title=Portrait%20sur%20marbre%20de%20Thassos\" style=\"font-size: 0px;width:48px;height:48px;margin:0;margin-bottom:5px;margin-right:5px\"><img loading=\"lazy\" decoding=\"async\" alt=\"reddit\" title=\"Share on Reddit\" class=\"synved-share-image synved-social-image synved-social-image-share\" width=\"48\" height=\"48\" style=\"display: inline;width:48px;height:48px;margin: 0;padding: 0;border: none;box-shadow: none\" src=\"https:\/\/www.palancus.com\/wp-content\/plugins\/social-media-feather\/synved-social\/image\/social\/regular\/96x96\/reddit.png\" \/><\/a><a class=\"synved-social-button synved-social-button-share synved-social-size-48 synved-social-resolution-single synved-social-provider-pinterest nolightbox\" data-provider=\"pinterest\" target=\"_blank\" rel=\"nofollow\" title=\"Pin it with Pinterest\" href=\"https:\/\/pinterest.com\/pin\/create\/button\/?url=https%3A%2F%2Fwww.palancus.com&#038;media=https%3A%2F%2Fwww.palancus.com%2Fwp-content%2Fuploads%2F2020%2F07%2F20200725_122306carre.jpg&#038;description=Portrait%20sur%20marbre%20de%20Thassos\" style=\"font-size: 0px;width:48px;height:48px;margin:0;margin-bottom:5px\"><img loading=\"lazy\" decoding=\"async\" alt=\"pinterest\" title=\"Pin it with Pinterest\" class=\"synved-share-image synved-social-image synved-social-image-share\" width=\"48\" height=\"48\" style=\"display: inline;width:48px;height:48px;margin: 0;padding: 0;border: none;box-shadow: none\" src=\"https:\/\/www.palancus.com\/wp-content\/plugins\/social-media-feather\/synved-social\/image\/social\/regular\/96x96\/pinterest.png\" \/><\/a>","protected":false},"excerpt":{"rendered":"<p>Dimensions 40cm x 40cm x 1,8cm environ, pierre affin\u00e9e afin de permettre \u00e0 la lumi\u00e8re de cr\u00e9er une image. Portrait de Sademoiselle Florentine sur marbre de Thassos. La transparence de ce tirage lui permet de b\u00e9n\u00e9ficier d&rsquo;une image fant\u00f4me du c\u00f4t\u00e9 lisse L&rsquo;effet ci-contre est obtenu par un \u00e9clairage de 20W situ\u00e9 \u00e0 30cm de&#8230;<\/p>\n","protected":false},"featured_media":1368,"comment_status":"open","ping_status":"closed","template":"","meta":[],"product_cat":[38],"product_tag":[],"class_list":{"0":"post-1367","1":"product","2":"type-product","3":"status-publish","4":"has-post-thumbnail","6":"product_cat-sculpt","7":"product_shipping_class-colis2","9":"first","10":"instock","11":"sold-individually","12":"shipping-taxable","13":"purchasable","14":"product-type-simple"},"_links":{"self":[{"href":"https:\/\/www.palancus.com\/index.php?rest_route=\/wp\/v3\/product\/1367","targetHints":{"allow":["GET"]}}],"collection":[{"href":"https:\/\/www.palancus.com\/index.php?rest_route=\/wp\/v3\/product"}],"about":[{"href":"https:\/\/www.palancus.com\/index.php?rest_route=\/wp\/v2\/types\/product"}],"replies":[{"embeddable":true,"href":"https:\/\/www.palancus.com\/index.php?rest_route=%2Fwp%2Fv2%2Fcomments&post=1367"}],"wp:featuredmedia":[{"embeddable":true,"href":"https:\/\/www.palancus.com\/index.php?rest_route=\/wp\/v2\/media\/1368"}],"wp:attachment":[{"href":"https:\/\/www.palancus.com\/index.php?rest_route=%2Fwp%2Fv2%2Fmedia&parent=1367"}],"wp:term":[{"taxonomy":"product_cat","embeddable":true,"href":"https:\/\/www.palancus.com\/index.php?rest_route=%2Fwp%2Fv2%2Fproduct_cat&post=1367"},{"taxonomy":"product_tag","embeddable":true,"href":"https:\/\/www.palancus.com\/index.php?rest_route=%2Fwp%2Fv2%2Fproduct_tag&post=1367"}],"curies":[{"name":"wp","href":"https:\/\/api.w.org\/{rel}","templated":true}]}}