{"id":1609,"date":"2022-10-21T17:52:51","date_gmt":"2022-10-21T15:52:51","guid":{"rendered":"https:\/\/www.palancus.com\/?post_type=product&#038;p=1609"},"modified":"2025-07-02T07:22:33","modified_gmt":"2025-07-02T05:22:33","slug":"wildfire-nft-tirage-sur-toile-signe","status":"publish","type":"product","link":"https:\/\/www.palancus.com\/?product=wildfire-nft-tirage-sur-toile-signe","title":{"rendered":"Wildfire NFT + Tirage sur toile sign\u00e9"},"content":{"rendered":"<p><a href=\"https:\/\/www.palancus.com\/?attachment_id=1610\" rel=\"attachment wp-att-1610\"><img loading=\"lazy\" decoding=\"async\" class=\"alignleft size-medium wp-image-1610\" src=\"https:\/\/www.palancus.com\/wp-content\/uploads\/2022\/10\/preview_image_2048w-1-300x300.jpg\" alt=\"\" width=\"300\" height=\"300\" srcset=\"https:\/\/www.palancus.com\/wp-content\/uploads\/2022\/10\/preview_image_2048w-1-300x300.jpg 300w, https:\/\/www.palancus.com\/wp-content\/uploads\/2022\/10\/preview_image_2048w-1-100x100.jpg 100w, https:\/\/www.palancus.com\/wp-content\/uploads\/2022\/10\/preview_image_2048w-1-600x600.jpg 600w, https:\/\/www.palancus.com\/wp-content\/uploads\/2022\/10\/preview_image_2048w-1-785x785.jpg 785w, https:\/\/www.palancus.com\/wp-content\/uploads\/2022\/10\/preview_image_2048w-1-145x145.jpg 145w, https:\/\/www.palancus.com\/wp-content\/uploads\/2022\/10\/preview_image_2048w-1-768x768.jpg 768w, https:\/\/www.palancus.com\/wp-content\/uploads\/2022\/10\/preview_image_2048w-1-1536x1536.jpg 1536w, https:\/\/www.palancus.com\/wp-content\/uploads\/2022\/10\/preview_image_2048w-1.jpg 2048w\" sizes=\"auto, (max-width: 300px) 100vw, 300px\" \/><\/a> <a href=\"https:\/\/www.palancus.com\/?attachment_id=1611\" rel=\"attachment wp-att-1611\"><img loading=\"lazy\" decoding=\"async\" class=\"alignleft size-medium wp-image-1611\" src=\"https:\/\/www.palancus.com\/wp-content\/uploads\/2022\/10\/preview-wildfire-300x300.jpg\" alt=\"\" width=\"300\" height=\"300\" srcset=\"https:\/\/www.palancus.com\/wp-content\/uploads\/2022\/10\/preview-wildfire-300x300.jpg 300w, https:\/\/www.palancus.com\/wp-content\/uploads\/2022\/10\/preview-wildfire-100x100.jpg 100w, https:\/\/www.palancus.com\/wp-content\/uploads\/2022\/10\/preview-wildfire-600x600.jpg 600w, https:\/\/www.palancus.com\/wp-content\/uploads\/2022\/10\/preview-wildfire-785x785.jpg 785w, https:\/\/www.palancus.com\/wp-content\/uploads\/2022\/10\/preview-wildfire-145x145.jpg 145w, https:\/\/www.palancus.com\/wp-content\/uploads\/2022\/10\/preview-wildfire-768x768.jpg 768w, https:\/\/www.palancus.com\/wp-content\/uploads\/2022\/10\/preview-wildfire.jpg 800w\" sizes=\"auto, (max-width: 300px) 100vw, 300px\" \/><\/a>S\u00e9rie limit\u00e9e \u00e0 14 exemplaires comprenant un NFT sur la plateforme Versum accompagn\u00e9 d&rsquo;un tirage sur toile sign\u00e9.<\/p>\n<p>NFT sous forme de PNG 4000&#215;4000 pixels consultable <a href=\"https:\/\/objkt.com\/tokens\/versum_items\/29813\" target=\"_blank\" rel=\"noopener\">ICI<\/a><\/p>\n<p>Toile 60x60x2cm polyester sur chassis bois, c\u00f4t\u00e9s imprim\u00e9s, vernie et sign\u00e9e \u00e0 la main.<\/p>\n<p>Vous devez poss\u00e9der un wallet tezos pour r\u00e9cup\u00e9rer le nft, le plus simple \u00e9tant <a href=\"http:\/\/kukai.app\" target=\"_blank\" rel=\"noopener\">kukai.app<\/a> connect\u00e9 \u00e0 votre compte google.<\/p>\n<p>D\u00e9lai 15 jours.<\/p>\n<a class=\"synved-social-button synved-social-button-share synved-social-size-48 synved-social-resolution-single synved-social-provider-facebook nolightbox\" data-provider=\"facebook\" target=\"_blank\" rel=\"nofollow\" title=\"Share on Facebook\" href=\"https:\/\/www.facebook.com\/sharer.php?u=https%3A%2F%2Fwww.palancus.com&#038;t=Wildfire%20NFT%20%2B%20Tirage%20sur%20toile%20sign%C3%A9&#038;s=100&#038;p&#091;url&#093;=https%3A%2F%2Fwww.palancus.com&#038;p&#091;images&#093;&#091;0&#093;=https%3A%2F%2Fwww.palancus.com%2Fwp-content%2Fuploads%2F2022%2F10%2Fpreview_image_2048w-1.jpg&#038;p&#091;title&#093;=Wildfire%20NFT%20%2B%20Tirage%20sur%20toile%20sign%C3%A9\" style=\"font-size: 0px;width:48px;height:48px;margin:0;margin-bottom:5px;margin-right:5px\"><img loading=\"lazy\" decoding=\"async\" alt=\"Facebook\" title=\"Share on Facebook\" class=\"synved-share-image synved-social-image synved-social-image-share\" width=\"48\" height=\"48\" style=\"display: inline;width:48px;height:48px;margin: 0;padding: 0;border: none;box-shadow: none\" src=\"https:\/\/www.palancus.com\/wp-content\/plugins\/social-media-feather\/synved-social\/image\/social\/regular\/96x96\/facebook.png\" \/><\/a><a class=\"synved-social-button synved-social-button-share synved-social-size-48 synved-social-resolution-single synved-social-provider-twitter nolightbox\" data-provider=\"twitter\" target=\"_blank\" rel=\"nofollow\" title=\"Share on Twitter\" href=\"https:\/\/twitter.com\/intent\/tweet?url=https%3A%2F%2Fwww.palancus.com&#038;text=Hey%20check%20this%20out\" style=\"font-size: 0px;width:48px;height:48px;margin:0;margin-bottom:5px;margin-right:5px\"><img loading=\"lazy\" decoding=\"async\" alt=\"twitter\" title=\"Share on Twitter\" class=\"synved-share-image synved-social-image synved-social-image-share\" width=\"48\" height=\"48\" style=\"display: inline;width:48px;height:48px;margin: 0;padding: 0;border: none;box-shadow: none\" src=\"https:\/\/www.palancus.com\/wp-content\/plugins\/social-media-feather\/synved-social\/image\/social\/regular\/96x96\/twitter.png\" \/><\/a><a class=\"synved-social-button synved-social-button-share synved-social-size-48 synved-social-resolution-single synved-social-provider-reddit nolightbox\" data-provider=\"reddit\" target=\"_blank\" rel=\"nofollow\" title=\"Share on Reddit\" href=\"https:\/\/www.reddit.com\/submit?url=https%3A%2F%2Fwww.palancus.com&#038;title=Wildfire%20NFT%20%2B%20Tirage%20sur%20toile%20sign%C3%A9\" style=\"font-size: 0px;width:48px;height:48px;margin:0;margin-bottom:5px;margin-right:5px\"><img loading=\"lazy\" decoding=\"async\" alt=\"reddit\" title=\"Share on Reddit\" class=\"synved-share-image synved-social-image synved-social-image-share\" width=\"48\" height=\"48\" style=\"display: inline;width:48px;height:48px;margin: 0;padding: 0;border: none;box-shadow: none\" src=\"https:\/\/www.palancus.com\/wp-content\/plugins\/social-media-feather\/synved-social\/image\/social\/regular\/96x96\/reddit.png\" \/><\/a><a class=\"synved-social-button synved-social-button-share synved-social-size-48 synved-social-resolution-single synved-social-provider-pinterest nolightbox\" data-provider=\"pinterest\" target=\"_blank\" rel=\"nofollow\" title=\"Pin it with Pinterest\" href=\"https:\/\/pinterest.com\/pin\/create\/button\/?url=https%3A%2F%2Fwww.palancus.com&#038;media=https%3A%2F%2Fwww.palancus.com%2Fwp-content%2Fuploads%2F2022%2F10%2Fpreview_image_2048w-1.jpg&#038;description=Wildfire%20NFT%20%2B%20Tirage%20sur%20toile%20sign%C3%A9\" style=\"font-size: 0px;width:48px;height:48px;margin:0;margin-bottom:5px\"><img loading=\"lazy\" decoding=\"async\" alt=\"pinterest\" title=\"Pin it with Pinterest\" class=\"synved-share-image synved-social-image synved-social-image-share\" width=\"48\" height=\"48\" style=\"display: inline;width:48px;height:48px;margin: 0;padding: 0;border: none;box-shadow: none\" src=\"https:\/\/www.palancus.com\/wp-content\/plugins\/social-media-feather\/synved-social\/image\/social\/regular\/96x96\/pinterest.png\" \/><\/a>","protected":false},"excerpt":{"rendered":"<p>S\u00e9rie limit\u00e9e \u00e0 14 exemplaires comprenant un NFT sur la plateforme Versum accompagn\u00e9 d&rsquo;un tirage sur toile sign\u00e9. NFT sous forme de PNG 4000&#215;4000 pixels consultable ICI Toile 60x60x2cm polyester sur chassis bois, c\u00f4t\u00e9s imprim\u00e9s, vernie et sign\u00e9e \u00e0 la main. Vous devez poss\u00e9der un wallet tezos pour r\u00e9cup\u00e9rer le nft, le plus simple \u00e9tant&#8230;<\/p>\n","protected":false},"featured_media":1610,"comment_status":"open","ping_status":"closed","template":"","meta":[],"product_cat":[35],"product_tag":[],"class_list":{"0":"post-1609","1":"product","2":"type-product","3":"status-publish","4":"has-post-thumbnail","6":"product_cat-time","7":"product_shipping_class-colis","9":"first","10":"instock","11":"sold-individually","12":"shipping-taxable","13":"purchasable","14":"product-type-simple"},"_links":{"self":[{"href":"https:\/\/www.palancus.com\/index.php?rest_route=\/wp\/v3\/product\/1609","targetHints":{"allow":["GET"]}}],"collection":[{"href":"https:\/\/www.palancus.com\/index.php?rest_route=\/wp\/v3\/product"}],"about":[{"href":"https:\/\/www.palancus.com\/index.php?rest_route=\/wp\/v2\/types\/product"}],"replies":[{"embeddable":true,"href":"https:\/\/www.palancus.com\/index.php?rest_route=%2Fwp%2Fv2%2Fcomments&post=1609"}],"wp:featuredmedia":[{"embeddable":true,"href":"https:\/\/www.palancus.com\/index.php?rest_route=\/wp\/v2\/media\/1610"}],"wp:attachment":[{"href":"https:\/\/www.palancus.com\/index.php?rest_route=%2Fwp%2Fv2%2Fmedia&parent=1609"}],"wp:term":[{"taxonomy":"product_cat","embeddable":true,"href":"https:\/\/www.palancus.com\/index.php?rest_route=%2Fwp%2Fv2%2Fproduct_cat&post=1609"},{"taxonomy":"product_tag","embeddable":true,"href":"https:\/\/www.palancus.com\/index.php?rest_route=%2Fwp%2Fv2%2Fproduct_tag&post=1609"}],"curies":[{"name":"wp","href":"https:\/\/api.w.org\/{rel}","templated":true}]}}